{"id":283,"date":"2024-01-08T17:55:51","date_gmt":"2024-01-08T16:55:51","guid":{"rendered":"https:\/\/aluzadaszenia.pl\/?post_type=product&#038;p=283"},"modified":"2024-11-15T09:53:52","modified_gmt":"2024-11-15T08:53:52","slug":"zewnetrzne-promienniki-podczerwieni-sterowane-z-aplikacji-tf-2400ir","status":"publish","type":"product","link":"https:\/\/aluzadaszenia.pl\/?product=zewnetrzne-promienniki-podczerwieni-sterowane-z-aplikacji-tf-2400ir","title":{"rendered":"Zewn\u0119trzne Promienniki podczerwieni sterowane z aplikacji  TF-2400IR"},"content":{"rendered":"<p>Zewn\u0119trzne promienniki podczerwieni\u00a0TERMOFOL\u00a0produkowane s\u0105 przy u\u017cyciu najnowszej technologii z wykorzystaniem unikalnego designu. Rdze\u0144 grzejnika wykonany jest ze specjalnego materia\u0142u wytwarzanego w technologii stosowanej w lotnictwie (grza\u0142ka oporowa w otulinie ceramicznej).<\/p>\n<p>Wsp\u00f3\u0142czynnik efektywno\u015bci energetycznej naszych promiennik\u00f3w osi\u0105ga poziom90\u201396%, co oznacza, co oznacza, \u017ce nale\u017c\u0105 do produkt\u00f3w bardzo wydajnych i energooszcz\u0119dnych.<\/p>\n<p>Powierzchnia paneli grzejnych zosta\u0142a pokryta specjaln\u0105 warstw\u0105 z dodatkiem nano-materia\u0142u ochraniaj\u0105cego panel przed skutkami pracy w wysokich temperaturach przy jednoczesnym zachowaniu swobodnej emisji promieniowania podczerwonego. Warstwa ta powoduje wzrost wska\u017anika promieniowania podczerwonego a\u017c do 86%.<\/p>\n<p>Promienniki TERMOFOL s\u0105 ciche w eksploatacji, energooszcz\u0119dne, komfortowe i niezawodne \u2013 przez co znajduj\u0105 bardzo szerokie zastosowania zar\u00f3wno w przemy\u015ble jak i w zastosowaniach domowych.\u00a0Mog\u0105 by\u0107 sterowane z aplikacji Termofol Smart oraz pilota, kt\u00f3ry dostarczany jest w komplecie z urz\u0105dzeniem<\/p>\n<p>&nbsp;<\/p>\n<div class=\"elementor-element elementor-element-441b173 elementor-widget elementor-widget-heading\" data-id=\"441b173\" data-element_type=\"widget\" data-widget_type=\"heading.default\">\n<div class=\"elementor-widget-container\">\n<h2 class=\"elementor-heading-title elementor-size-default\">PROMIENNIKI PODCZERWIENI<br \/>\nTERMOFOL TF-2400IR<\/h2>\n<\/div>\n<\/div>\n<div class=\"elementor-element elementor-element-ff38a5a elementor-widget elementor-widget-text-editor\" data-id=\"ff38a5a\" data-element_type=\"widget\" data-widget_type=\"text-editor.default\">\n<div class=\"elementor-widget-container\">\n<div class=\"elementor-text-editor elementor-clearfix\">\n<ul>\n<li>Najlepsza metoda ogrzewania.<\/li>\n<li>Najbardziej skuteczne i precyzyjne urz\u0105dzenie w por\u00f3wnaniu z konwencjonalnymi grzejnikami.<\/li>\n<li>Szybki czas nagrzewania.<\/li>\n<li>Przyjemne odczucia przy stosowaniu podczerwieni, kt\u00f3ra ma dzia\u0142anie relaksuj\u0105cego, zdrowego ciep\u0142a.<\/li>\n<li>Grzejnik z zastosowaniem nowoczesnej technologii na podczerwie\u0144<\/li>\n<li>Sterowanie z poziomu aplikacji, termostatu lub pilota<\/li>\n<li>Mo\u017cliwo\u015b\u0107 programowania,<\/li>\n<li>3 stopniowa regulacja mocy: 800\/1600\/2400W<\/li>\n<li>Klasa szczelno\u015bci IP55<\/li>\n<li>Wymiary (d\u0142 \/ szer \/ gr mm) 1460\/200\/50\n<div class=\"elementor-element elementor-element-6c7ae5f elementor-widget elementor-widget-heading\" data-id=\"6c7ae5f\" data-element_type=\"widget\" data-widget_type=\"heading.default\">\n<div class=\"elementor-widget-container\">\n<h2><\/h2>\n<h2 class=\"elementor-heading-title elementor-size-default\">ZALETY ZEWN\u0118TRZNYCH PROMIENNIK\u00d3W PODCZERWIENI TERMOFOL<\/h2>\n<\/div>\n<\/div>\n<div class=\"elementor-element elementor-element-a757526 elementor-view-stacked elementor-position-left elementor-shape-circle elementor-vertical-align-top elementor-widget elementor-widget-icon-box\" data-id=\"a757526\" data-element_type=\"widget\" data-widget_type=\"icon-box.default\">\n<div class=\"elementor-widget-container\">\n<div class=\"elementor-icon-box-wrapper\">\n<div class=\"elementor-icon-box-icon\"><\/div>\n<div class=\"elementor-icon-box-content\">\n<h3 class=\"elementor-icon-box-title\">Skuteczno\u015b\u0107, Rewolucyjny Design<\/h3>\n<p class=\"elementor-icon-box-description\">Fale podczerwone nie s\u0105 widzialne dla ludzkiego oka natomiast s\u0105 odczuwalne w postaci ciep\u0142a. Najwy\u017csza skuteczno\u015b\u0107 w po\u0142\u0105czeniu z innowacyjnym sterowaniem gwarantuje minimalne koszty eksploatacji.<\/p>\n<\/div>\n<\/div>\n<\/div>\n<\/div>\n<div class=\"elementor-element elementor-element-90a096b elementor-view-stacked elementor-position-right elementor-shape-circle elementor-vertical-align-top elementor-widget elementor-widget-icon-box\" data-id=\"90a096b\" data-element_type=\"widget\" data-widget_type=\"icon-box.default\">\n<div class=\"elementor-widget-container\">\n<div class=\"elementor-icon-box-wrapper\">\n<div class=\"elementor-icon-box-icon\"><\/div>\n<div class=\"elementor-icon-box-content\">\n<h3 class=\"elementor-icon-box-title\">Energooszcz\u0119dno\u015b\u0107<\/h3>\n<p class=\"elementor-icon-box-description\">Najwy\u017csza efektywno\u015b\u0107 to niskie koszty eksploatacji. Brak d\u0142ugiego rozgrzewania umo\u017cliwia programowanie kr\u00f3tkich okres\u00f3w grzewczych, dzi\u0119ki temu unikamy bezproduktywnego ogrzewania. Mo\u017cliwo\u015b\u0107 stosowania przez kr\u00f3tki czas i np. W cyklach grzewczych.<\/p>\n<\/div>\n<\/div>\n<\/div>\n<\/div>\n<div class=\"elementor-element elementor-element-029b1b4 elementor-view-stacked elementor-position-left elementor-shape-circle elementor-vertical-align-top elementor-widget elementor-widget-icon-box\" data-id=\"029b1b4\" data-element_type=\"widget\" data-widget_type=\"icon-box.default\">\n<div class=\"elementor-widget-container\">\n<div class=\"elementor-icon-box-wrapper\">\n<div class=\"elementor-icon-box-icon\"><\/div>\n<div class=\"elementor-icon-box-content\">\n<h3 class=\"elementor-icon-box-title\">Oszcz\u0119dno\u015b\u0107<\/h3>\n<p class=\"elementor-icon-box-description\"><strong>Czasu<\/strong>\u00a0\u2013 szybkie ogrzewanie, brak strat ciep\u0142a, szybkie rozgrzewanie, mo\u017cliwo\u015b\u0107 programowania oraz timera<br \/>\n<strong>Pieni\u0119dzy<\/strong>\u00a0\u2013 najwy\u017csza wydajno\u015b\u0107 i skuteczno\u015b\u0107 w por\u00f3wnaniu z tradycyjnymi grzejnikami konwekcyjnymi<\/p>\n<\/div>\n<\/div>\n<\/div>\n<\/div>\n<div class=\"elementor-element elementor-element-1db4c30 elementor-view-stacked elementor-position-right elementor-shape-circle elementor-vertical-align-top elementor-widget elementor-widget-icon-box\" data-id=\"1db4c30\" data-element_type=\"widget\" data-widget_type=\"icon-box.default\">\n<div class=\"elementor-widget-container\">\n<div class=\"elementor-icon-box-wrapper\">\n<div class=\"elementor-icon-box-icon\"><\/div>\n<div class=\"elementor-icon-box-content\">\n<h3 class=\"elementor-icon-box-title\">Wygoda, Jako\u015b\u0107 wykonania<\/h3>\n<p class=\"elementor-icon-box-description\">Pe\u0142en komfort u\u017cytkowania, ciesz si\u0119 przyjemnym ciep\u0142em w kr\u00f3tkim czasie, bez oczekiwania na rozruch. Bezproblemowy monta\u017c i obs\u0142uga. Kontrola systemu grzewczego z dowolnego miejsca na \u015bwiecie.Najwy\u017csza jako\u015b\u0107 wykonania, najwy\u017csza sprawno\u015b\u0107 oraz mnogo\u015b\u0107 funkcji to tylko podstawowe parametry tego urz\u0105dzenia.<\/p>\n<\/div>\n<\/div>\n<\/div>\n<\/div>\n<div class=\"elementor-element elementor-element-45b0c9f elementor-view-stacked elementor-position-left elementor-shape-circle elementor-vertical-align-top elementor-widget elementor-widget-icon-box\" data-id=\"45b0c9f\" data-element_type=\"widget\" data-widget_type=\"icon-box.default\">\n<div class=\"elementor-widget-container\">\n<div class=\"elementor-icon-box-wrapper\">\n<div class=\"elementor-icon-box-icon\"><\/div>\n<div class=\"elementor-icon-box-content\">\n<h3 class=\"elementor-icon-box-title\">Sterowanie przy u\u017cyciu przycisk\u00f3w<\/h3>\n<p class=\"elementor-icon-box-description\">Stw\u00f3rz idealne dla siebie warunki i postaw na wygod\u0119.<\/p>\n<\/div>\n<\/div>\n<\/div>\n<\/div>\n<\/li>\n<\/ul>\n<\/div>\n<\/div>\n<\/div>\n","protected":false},"excerpt":{"rendered":"<p>Zewn\u0119trzne promienniki podczerwieni\u00a0TERMOFOL\u00a0produkowane s\u0105 przy u\u017cyciu najnowszej technologii z wykorzystaniem unikalnego designu. Rdze\u0144 grzejnika wykonany jest ze specjalnego materia\u0142u wytwarzanego w technologii stosowanej w lotnictwie (grza\u0142ka oporowa w otulinie ceramicznej). Wsp\u00f3\u0142czynnik efektywno\u015bci energetycznej naszych promiennik\u00f3w osi\u0105ga poziom90\u201396%, co oznacza, co oznacza, \u017ce nale\u017c\u0105 do produkt\u00f3w bardzo wydajnych i energooszcz\u0119dnych. Powierzchnia paneli grzejnych zosta\u0142a pokryta specjaln\u0105&hellip;&nbsp;<a href=\"https:\/\/aluzadaszenia.pl\/?product=zewnetrzne-promienniki-podczerwieni-sterowane-z-aplikacji-tf-2400ir\" class=\"\" rel=\"bookmark\">Read More &raquo;<span class=\"screen-reader-text\">Zewn\u0119trzne Promienniki podczerwieni sterowane z aplikacji  TF-2400IR<\/span><\/a><\/p>\n","protected":false},"featured_media":39,"comment_status":"open","ping_status":"closed","template":"","meta":{"_uag_custom_page_level_css":"","neve_meta_sidebar":"","neve_meta_container":"","neve_meta_enable_content_width":"off","neve_meta_content_width":100,"neve_meta_title_alignment":"","neve_meta_author_avatar":"","neve_post_elements_order":"","neve_meta_disable_header":"","neve_meta_disable_footer":"","neve_meta_disable_title":""},"product_cat":[18],"product_tag":[19],"class_list":{"0":"post-283","1":"product","2":"type-product","3":"status-publish","4":"has-post-thumbnail","6":"product_cat-ogrzewanie","7":"product_tag-ogrzewanie","9":"first","10":"outofstock","11":"taxable","12":"shipping-taxable","13":"purchasable","14":"product-type-simple"},"yoast_head":"<!-- This site is optimized with the Yoast SEO plugin v21.6 - https:\/\/yoast.com\/wordpress\/plugins\/seo\/ -->\n<title>Zewn\u0119trzne Promienniki podczerwieni sterowane z aplikacji TF-2400IR - Aluminiowe zadaszenia taras\u00f3w<\/title>\n<meta name=\"robots\" content=\"index, follow, max-snippet:-1, max-image-preview:large, max-video-preview:-1\" \/>\n<link rel=\"canonical\" href=\"https:\/\/aluzadaszenia.pl\/?product=zewnetrzne-promienniki-podczerwieni-sterowane-z-aplikacji-tf-2400ir\" \/>\n<meta property=\"og:locale\" content=\"en_US\" \/>\n<meta property=\"og:type\" content=\"article\" \/>\n<meta property=\"og:title\" content=\"Zewn\u0119trzne Promienniki podczerwieni sterowane z aplikacji TF-2400IR - Aluminiowe zadaszenia taras\u00f3w\" \/>\n<meta property=\"og:description\" content=\"Zewn\u0119trzne promienniki podczerwieni\u00a0TERMOFOL\u00a0produkowane s\u0105 przy u\u017cyciu najnowszej technologii z wykorzystaniem unikalnego designu. Rdze\u0144 grzejnika wykonany jest ze specjalnego materia\u0142u wytwarzanego w technologii stosowanej w lotnictwie (grza\u0142ka oporowa w otulinie ceramicznej). Wsp\u00f3\u0142czynnik efektywno\u015bci energetycznej naszych promiennik\u00f3w osi\u0105ga poziom90\u201396%, co oznacza, co oznacza, \u017ce nale\u017c\u0105 do produkt\u00f3w bardzo wydajnych i energooszcz\u0119dnych. Powierzchnia paneli grzejnych zosta\u0142a pokryta specjaln\u0105&hellip;&nbsp;Read More &raquo;Zewn\u0119trzne Promienniki podczerwieni sterowane z aplikacji TF-2400IR\" \/>\n<meta property=\"og:url\" content=\"https:\/\/aluzadaszenia.pl\/?product=zewnetrzne-promienniki-podczerwieni-sterowane-z-aplikacji-tf-2400ir\" \/>\n<meta property=\"og:site_name\" content=\"Aluminiowe zadaszenia taras\u00f3w\" \/>\n<meta property=\"article:modified_time\" content=\"2024-11-15T08:53:52+00:00\" \/>\n<meta property=\"og:image\" content=\"https:\/\/aluzadaszenia.pl\/wp-content\/uploads\/2023\/12\/prom-apk-pilot-2048x1481-1.jpg\" \/>\n\t<meta property=\"og:image:width\" content=\"2048\" \/>\n\t<meta property=\"og:image:height\" content=\"1481\" \/>\n\t<meta property=\"og:image:type\" content=\"image\/jpeg\" \/>\n<meta name=\"twitter:card\" content=\"summary_large_image\" \/>\n<meta name=\"twitter:label1\" content=\"Est. reading time\" \/>\n\t<meta name=\"twitter:data1\" content=\"2 minutes\" \/>\n<script type=\"application\/ld+json\" class=\"yoast-schema-graph\">{\"@context\":\"https:\/\/schema.org\",\"@graph\":[{\"@type\":\"WebPage\",\"@id\":\"https:\/\/aluzadaszenia.pl\/?product=zewnetrzne-promienniki-podczerwieni-sterowane-z-aplikacji-tf-2400ir\",\"url\":\"https:\/\/aluzadaszenia.pl\/?product=zewnetrzne-promienniki-podczerwieni-sterowane-z-aplikacji-tf-2400ir\",\"name\":\"Zewn\u0119trzne Promienniki podczerwieni sterowane z aplikacji TF-2400IR - Aluminiowe zadaszenia taras\u00f3w\",\"isPartOf\":{\"@id\":\"https:\/\/aluzadaszenia.pl\/#website\"},\"datePublished\":\"2024-01-08T16:55:51+00:00\",\"dateModified\":\"2024-11-15T08:53:52+00:00\",\"breadcrumb\":{\"@id\":\"https:\/\/aluzadaszenia.pl\/?product=zewnetrzne-promienniki-podczerwieni-sterowane-z-aplikacji-tf-2400ir#breadcrumb\"},\"inLanguage\":\"en-US\",\"potentialAction\":[{\"@type\":\"ReadAction\",\"target\":[\"https:\/\/aluzadaszenia.pl\/?product=zewnetrzne-promienniki-podczerwieni-sterowane-z-aplikacji-tf-2400ir\"]}]},{\"@type\":\"BreadcrumbList\",\"@id\":\"https:\/\/aluzadaszenia.pl\/?product=zewnetrzne-promienniki-podczerwieni-sterowane-z-aplikacji-tf-2400ir#breadcrumb\",\"itemListElement\":[{\"@type\":\"ListItem\",\"position\":1,\"name\":\"Home\",\"item\":\"https:\/\/aluzadaszenia.pl\/\"},{\"@type\":\"ListItem\",\"position\":2,\"name\":\"Sklep\",\"item\":\"https:\/\/aluzadaszenia.pl\/?page_id=271\"},{\"@type\":\"ListItem\",\"position\":3,\"name\":\"Zewn\u0119trzne Promienniki podczerwieni sterowane z aplikacji TF-2400IR\"}]},{\"@type\":\"WebSite\",\"@id\":\"https:\/\/aluzadaszenia.pl\/#website\",\"url\":\"https:\/\/aluzadaszenia.pl\/\",\"name\":\"Aluminiowe zadaszenia taras\u00f3w\",\"description\":\"\",\"publisher\":{\"@id\":\"https:\/\/aluzadaszenia.pl\/#organization\"},\"potentialAction\":[{\"@type\":\"SearchAction\",\"target\":{\"@type\":\"EntryPoint\",\"urlTemplate\":\"https:\/\/aluzadaszenia.pl\/?s={search_term_string}\"},\"query-input\":\"required name=search_term_string\"}],\"inLanguage\":\"en-US\"},{\"@type\":\"Organization\",\"@id\":\"https:\/\/aluzadaszenia.pl\/#organization\",\"name\":\"Aluminiowe zadaszenia taras\u00f3w\",\"url\":\"https:\/\/aluzadaszenia.pl\/\",\"logo\":{\"@type\":\"ImageObject\",\"inLanguage\":\"en-US\",\"@id\":\"https:\/\/aluzadaszenia.pl\/#\/schema\/logo\/image\/\",\"url\":\"https:\/\/aluzadaszenia.pl\/wp-content\/uploads\/2023\/12\/cropped-customcolor_logo_transparent_background.png\",\"contentUrl\":\"https:\/\/aluzadaszenia.pl\/wp-content\/uploads\/2023\/12\/cropped-customcolor_logo_transparent_background.png\",\"width\":3123,\"height\":1407,\"caption\":\"Aluminiowe zadaszenia taras\u00f3w\"},\"image\":{\"@id\":\"https:\/\/aluzadaszenia.pl\/#\/schema\/logo\/image\/\"}}]}<\/script>\n<!-- \/ Yoast SEO plugin. -->","yoast_head_json":{"title":"Zewn\u0119trzne Promienniki podczerwieni sterowane z aplikacji TF-2400IR - Aluminiowe zadaszenia taras\u00f3w","robots":{"index":"index","follow":"follow","max-snippet":"max-snippet:-1","max-image-preview":"max-image-preview:large","max-video-preview":"max-video-preview:-1"},"canonical":"https:\/\/aluzadaszenia.pl\/?product=zewnetrzne-promienniki-podczerwieni-sterowane-z-aplikacji-tf-2400ir","og_locale":"en_US","og_type":"article","og_title":"Zewn\u0119trzne Promienniki podczerwieni sterowane z aplikacji TF-2400IR - Aluminiowe zadaszenia taras\u00f3w","og_description":"Zewn\u0119trzne promienniki podczerwieni\u00a0TERMOFOL\u00a0produkowane s\u0105 przy u\u017cyciu najnowszej technologii z wykorzystaniem unikalnego designu. Rdze\u0144 grzejnika wykonany jest ze specjalnego materia\u0142u wytwarzanego w technologii stosowanej w lotnictwie (grza\u0142ka oporowa w otulinie ceramicznej). Wsp\u00f3\u0142czynnik efektywno\u015bci energetycznej naszych promiennik\u00f3w osi\u0105ga poziom90\u201396%, co oznacza, co oznacza, \u017ce nale\u017c\u0105 do produkt\u00f3w bardzo wydajnych i energooszcz\u0119dnych. Powierzchnia paneli grzejnych zosta\u0142a pokryta specjaln\u0105&hellip;&nbsp;Read More &raquo;Zewn\u0119trzne Promienniki podczerwieni sterowane z aplikacji TF-2400IR","og_url":"https:\/\/aluzadaszenia.pl\/?product=zewnetrzne-promienniki-podczerwieni-sterowane-z-aplikacji-tf-2400ir","og_site_name":"Aluminiowe zadaszenia taras\u00f3w","article_modified_time":"2024-11-15T08:53:52+00:00","og_image":[{"width":2048,"height":1481,"url":"https:\/\/aluzadaszenia.pl\/wp-content\/uploads\/2023\/12\/prom-apk-pilot-2048x1481-1.jpg","type":"image\/jpeg"}],"twitter_card":"summary_large_image","twitter_misc":{"Est. reading time":"2 minutes"},"schema":{"@context":"https:\/\/schema.org","@graph":[{"@type":"WebPage","@id":"https:\/\/aluzadaszenia.pl\/?product=zewnetrzne-promienniki-podczerwieni-sterowane-z-aplikacji-tf-2400ir","url":"https:\/\/aluzadaszenia.pl\/?product=zewnetrzne-promienniki-podczerwieni-sterowane-z-aplikacji-tf-2400ir","name":"Zewn\u0119trzne Promienniki podczerwieni sterowane z aplikacji TF-2400IR - Aluminiowe zadaszenia taras\u00f3w","isPartOf":{"@id":"https:\/\/aluzadaszenia.pl\/#website"},"datePublished":"2024-01-08T16:55:51+00:00","dateModified":"2024-11-15T08:53:52+00:00","breadcrumb":{"@id":"https:\/\/aluzadaszenia.pl\/?product=zewnetrzne-promienniki-podczerwieni-sterowane-z-aplikacji-tf-2400ir#breadcrumb"},"inLanguage":"en-US","potentialAction":[{"@type":"ReadAction","target":["https:\/\/aluzadaszenia.pl\/?product=zewnetrzne-promienniki-podczerwieni-sterowane-z-aplikacji-tf-2400ir"]}]},{"@type":"BreadcrumbList","@id":"https:\/\/aluzadaszenia.pl\/?product=zewnetrzne-promienniki-podczerwieni-sterowane-z-aplikacji-tf-2400ir#breadcrumb","itemListElement":[{"@type":"ListItem","position":1,"name":"Home","item":"https:\/\/aluzadaszenia.pl\/"},{"@type":"ListItem","position":2,"name":"Sklep","item":"https:\/\/aluzadaszenia.pl\/?page_id=271"},{"@type":"ListItem","position":3,"name":"Zewn\u0119trzne Promienniki podczerwieni sterowane z aplikacji TF-2400IR"}]},{"@type":"WebSite","@id":"https:\/\/aluzadaszenia.pl\/#website","url":"https:\/\/aluzadaszenia.pl\/","name":"Aluminiowe zadaszenia taras\u00f3w","description":"","publisher":{"@id":"https:\/\/aluzadaszenia.pl\/#organization"},"potentialAction":[{"@type":"SearchAction","target":{"@type":"EntryPoint","urlTemplate":"https:\/\/aluzadaszenia.pl\/?s={search_term_string}"},"query-input":"required name=search_term_string"}],"inLanguage":"en-US"},{"@type":"Organization","@id":"https:\/\/aluzadaszenia.pl\/#organization","name":"Aluminiowe zadaszenia taras\u00f3w","url":"https:\/\/aluzadaszenia.pl\/","logo":{"@type":"ImageObject","inLanguage":"en-US","@id":"https:\/\/aluzadaszenia.pl\/#\/schema\/logo\/image\/","url":"https:\/\/aluzadaszenia.pl\/wp-content\/uploads\/2023\/12\/cropped-customcolor_logo_transparent_background.png","contentUrl":"https:\/\/aluzadaszenia.pl\/wp-content\/uploads\/2023\/12\/cropped-customcolor_logo_transparent_background.png","width":3123,"height":1407,"caption":"Aluminiowe zadaszenia taras\u00f3w"},"image":{"@id":"https:\/\/aluzadaszenia.pl\/#\/schema\/logo\/image\/"}}]}},"jetpack_sharing_enabled":true,"uagb_featured_image_src":{"full":["https:\/\/aluzadaszenia.pl\/wp-content\/uploads\/2023\/12\/prom-apk-pilot-2048x1481-1.jpg",2048,1481,false],"thumbnail":["https:\/\/aluzadaszenia.pl\/wp-content\/uploads\/2023\/12\/prom-apk-pilot-2048x1481-1-150x150.jpg",150,150,true],"medium":["https:\/\/aluzadaszenia.pl\/wp-content\/uploads\/2023\/12\/prom-apk-pilot-2048x1481-1-300x217.jpg",300,217,true],"medium_large":["https:\/\/aluzadaszenia.pl\/wp-content\/uploads\/2023\/12\/prom-apk-pilot-2048x1481-1-768x555.jpg",768,555,true],"large":["https:\/\/aluzadaszenia.pl\/wp-content\/uploads\/2023\/12\/prom-apk-pilot-2048x1481-1-1024x741.jpg",1024,741,true],"1536x1536":["https:\/\/aluzadaszenia.pl\/wp-content\/uploads\/2023\/12\/prom-apk-pilot-2048x1481-1-1536x1111.jpg",1536,1111,true],"2048x2048":["https:\/\/aluzadaszenia.pl\/wp-content\/uploads\/2023\/12\/prom-apk-pilot-2048x1481-1.jpg",2048,1481,false],"neve-blog":["https:\/\/aluzadaszenia.pl\/wp-content\/uploads\/2023\/12\/prom-apk-pilot-2048x1481-1.jpg",857,620,false],"woocommerce_thumbnail":["https:\/\/aluzadaszenia.pl\/wp-content\/uploads\/2023\/12\/prom-apk-pilot-2048x1481-1-300x300.jpg",300,300,true],"woocommerce_single":["https:\/\/aluzadaszenia.pl\/wp-content\/uploads\/2023\/12\/prom-apk-pilot-2048x1481-1-600x434.jpg",600,434,true],"woocommerce_gallery_thumbnail":["https:\/\/aluzadaszenia.pl\/wp-content\/uploads\/2023\/12\/prom-apk-pilot-2048x1481-1-100x100.jpg",100,100,true]},"uagb_author_info":{"display_name":"admin","author_link":"https:\/\/aluzadaszenia.pl\/?author=0"},"uagb_comment_info":1,"uagb_excerpt":"Zewn\u0119trzne promienniki podczerwieni\u00a0TERMOFOL\u00a0produkowane s\u0105 przy u\u017cyciu najnowszej technologii z wykorzystaniem unikalnego designu. Rdze\u0144 grzejnika wykonany jest ze specjalnego materia\u0142u wytwarzanego w technologii stosowanej w lotnictwie (grza\u0142ka oporowa w otulinie ceramicznej). Wsp\u00f3\u0142czynnik efektywno\u015bci energetycznej naszych promiennik\u00f3w osi\u0105ga poziom90\u201396%, co oznacza, co oznacza, \u017ce nale\u017c\u0105 do produkt\u00f3w bardzo wydajnych i energooszcz\u0119dnych. Powierzchnia paneli grzejnych zosta\u0142a pokryta specjaln\u0105&hellip;&nbsp;Read&hellip;","_links":{"self":[{"href":"https:\/\/aluzadaszenia.pl\/index.php?rest_route=\/wp\/v2\/product\/283","targetHints":{"allow":["GET"]}}],"collection":[{"href":"https:\/\/aluzadaszenia.pl\/index.php?rest_route=\/wp\/v2\/product"}],"about":[{"href":"https:\/\/aluzadaszenia.pl\/index.php?rest_route=\/wp\/v2\/types\/product"}],"replies":[{"embeddable":true,"href":"https:\/\/aluzadaszenia.pl\/index.php?rest_route=%2Fwp%2Fv2%2Fcomments&post=283"}],"wp:featuredmedia":[{"embeddable":true,"href":"https:\/\/aluzadaszenia.pl\/index.php?rest_route=\/wp\/v2\/media\/39"}],"wp:attachment":[{"href":"https:\/\/aluzadaszenia.pl\/index.php?rest_route=%2Fwp%2Fv2%2Fmedia&parent=283"}],"wp:term":[{"taxonomy":"product_cat","embeddable":true,"href":"https:\/\/aluzadaszenia.pl\/index.php?rest_route=%2Fwp%2Fv2%2Fproduct_cat&post=283"},{"taxonomy":"product_tag","embeddable":true,"href":"https:\/\/aluzadaszenia.pl\/index.php?rest_route=%2Fwp%2Fv2%2Fproduct_tag&post=283"}],"curies":[{"name":"wp","href":"https:\/\/api.w.org\/{rel}","templated":true}]}}