{"id":273,"date":"2024-01-08T17:21:57","date_gmt":"2024-01-08T16:21:57","guid":{"rendered":"https:\/\/aluzadaszenia.pl\/?page_id=273"},"modified":"2024-01-08T17:21:57","modified_gmt":"2024-01-08T16:21:57","slug":"koszyk","status":"publish","type":"page","link":"https:\/\/aluzadaszenia.pl\/?page_id=273","title":{"rendered":"Koszyk"},"content":{"rendered":"<div data-block-name=\"woocommerce\/cart\" class=\"wp-block-woocommerce-cart alignwide is-loading\"><div data-block-name=\"woocommerce\/filled-cart-block\" class=\"wp-block-woocommerce-filled-cart-block\"><div data-block-name=\"woocommerce\/cart-items-block\" class=\"wp-block-woocommerce-cart-items-block\"><div data-block-name=\"woocommerce\/cart-line-items-block\" class=\"wp-block-woocommerce-cart-line-items-block\"><\/div>\n\n<div data-block-name=\"woocommerce\/cart-cross-sells-block\" class=\"wp-block-woocommerce-cart-cross-sells-block\">\n<h2 class=\"wp-block-heading has-large-font-size\">Zobacz inne r\u00f3wnie interesuj\u0105ce\u2026<\/h2>\n\n\n<div data-block-name=\"woocommerce\/cart-cross-sells-products-block\" class=\"wp-block-woocommerce-cart-cross-sells-products-block\"><\/div><\/div><\/div>\n\n<div data-block-name=\"woocommerce\/cart-totals-block\" class=\"wp-block-woocommerce-cart-totals-block\"><div data-block-name=\"woocommerce\/cart-order-summary-block\" class=\"wp-block-woocommerce-cart-order-summary-block\"><div data-block-name=\"woocommerce\/cart-order-summary-heading-block\" class=\"wp-block-woocommerce-cart-order-summary-heading-block\"><\/div>\n\n<div data-block-name=\"woocommerce\/cart-order-summary-coupon-form-block\" class=\"wp-block-woocommerce-cart-order-summary-coupon-form-block\"><\/div>\n\n<div data-block-name=\"woocommerce\/cart-order-summary-subtotal-block\" class=\"wp-block-woocommerce-cart-order-summary-subtotal-block\"><\/div>\n\n<div data-block-name=\"woocommerce\/cart-order-summary-fee-block\" class=\"wp-block-woocommerce-cart-order-summary-fee-block\"><\/div>\n\n<div data-block-name=\"woocommerce\/cart-order-summary-discount-block\" class=\"wp-block-woocommerce-cart-order-summary-discount-block\"><\/div>\n\n<div data-block-name=\"woocommerce\/cart-order-summary-shipping-block\" class=\"wp-block-woocommerce-cart-order-summary-shipping-block\"><\/div>\n\n<div data-block-name=\"woocommerce\/cart-order-summary-taxes-block\" class=\"wp-block-woocommerce-cart-order-summary-taxes-block\"><\/div><\/div>\n\n<div data-block-name=\"woocommerce\/cart-express-payment-block\" class=\"wp-block-woocommerce-cart-express-payment-block\"><\/div>\n\n<div data-block-name=\"woocommerce\/proceed-to-checkout-block\" class=\"wp-block-woocommerce-proceed-to-checkout-block\"><\/div>\n\n<div data-block-name=\"woocommerce\/cart-accepted-payment-methods-block\" class=\"wp-block-woocommerce-cart-accepted-payment-methods-block\"><\/div><\/div><\/div>\n\n<div data-block-name=\"woocommerce\/empty-cart-block\" class=\"wp-block-woocommerce-empty-cart-block\">\n<h2 class=\"wp-block-heading has-text-align-center with-empty-cart-icon wc-block-cart__empty-cart__title\">Tw\u00f3j koszyk jest obecnie pusty!<\/h2>\n\n\n\n<hr class=\"wp-block-separator has-alpha-channel-opacity is-style-dots\"\/>\n\n\n\n<h2 class=\"wp-block-heading has-text-align-center\">Nowe w sklepie<\/h2>\n\n\n<div data-block-name=\"woocommerce\/product-new\" data-columns=\"4\" data-rows=\"1\" class=\"wc-block-grid wp-block-product-new wc-block-product-new has-4-columns\"><ul class=\"wc-block-grid__products\"><li class=\"wc-block-grid__product\">\n\t\t\t\t<a href=\"https:\/\/aluzadaszenia.pl\/?product=teleskopowa-lopata-do-odsniezania-dachu\" class=\"wc-block-grid__product-link\">\n\t\t\t\t\t\n\t\t\t\t\t<div class=\"wc-block-grid__product-image\"><img fetchpriority=\"high\" decoding=\"async\" width=\"300\" height=\"300\" src=\"https:\/\/aluzadaszenia.pl\/wp-content\/uploads\/2024\/01\/ZGARNIACZ-DACHOWY-SNIEGU-TELESKOPOWY-ZGARNIACZE-ODSNIEZANIA-DACHU-LOPATA-1-300x300.jpg\" class=\"attachment-woocommerce_thumbnail size-woocommerce_thumbnail\" alt=\"Teleskopowa \u0142opata do od\u015bnie\u017cania dachu.\" srcset=\"https:\/\/aluzadaszenia.pl\/wp-content\/uploads\/2024\/01\/ZGARNIACZ-DACHOWY-SNIEGU-TELESKOPOWY-ZGARNIACZE-ODSNIEZANIA-DACHU-LOPATA-1-300x300.jpg 300w, https:\/\/aluzadaszenia.pl\/wp-content\/uploads\/2024\/01\/ZGARNIACZ-DACHOWY-SNIEGU-TELESKOPOWY-ZGARNIACZE-ODSNIEZANIA-DACHU-LOPATA-1-100x100.jpg 100w, https:\/\/aluzadaszenia.pl\/wp-content\/uploads\/2024\/01\/ZGARNIACZ-DACHOWY-SNIEGU-TELESKOPOWY-ZGARNIACZE-ODSNIEZANIA-DACHU-LOPATA-1-150x150.jpg 150w, https:\/\/aluzadaszenia.pl\/wp-content\/uploads\/2024\/01\/ZGARNIACZ-DACHOWY-SNIEGU-TELESKOPOWY-ZGARNIACZE-ODSNIEZANIA-DACHU-LOPATA-1.jpg 395w\" sizes=\"(max-width: 300px) 100vw, 300px\" \/><\/div>\n\t\t\t\t\t<div class=\"wc-block-grid__product-title\">Teleskopowa \u0142opata do od\u015bnie\u017cania dachu.<\/div>\n\t\t\t\t<\/a>\n\t\t\t\t<div class=\"wc-block-grid__product-price price\"><span class=\"woocommerce-Price-amount amount\">350,00&nbsp;<span class=\"woocommerce-Price-currencySymbol\">&#122;&#322;<\/span><\/span><\/div>\n\t\t\t\t\n\t\t\t\t<div class=\"wp-block-button wc-block-grid__product-add-to-cart\"><a href=\"?add-to-cart=318\" aria-label=\"Add to cart: &ldquo;Teleskopowa \u0142opata do od\u015bnie\u017cania dachu.&rdquo;\" data-quantity=\"1\" data-product_id=\"318\" data-product_sku=\"\" data-price=\"350\" rel=\"nofollow\" class=\"wp-block-button__link  add_to_cart_button ajax_add_to_cart\">Add to cart<\/a><\/div>\n\t\t\t<\/li><li class=\"wc-block-grid__product\">\n\t\t\t\t<a href=\"https:\/\/aluzadaszenia.pl\/?product=zewnetrzne-promienniki-podczerwieni-sterowane-z-aplikacji-tf-3200ir\" class=\"wc-block-grid__product-link\">\n\t\t\t\t\t\n\t\t\t\t\t<div class=\"wc-block-grid__product-image\"><img decoding=\"async\" width=\"300\" height=\"300\" src=\"https:\/\/aluzadaszenia.pl\/wp-content\/uploads\/2023\/12\/prom-apk-pilot-2048x1481-1-300x300.jpg\" class=\"attachment-woocommerce_thumbnail size-woocommerce_thumbnail\" alt=\"Zewn\u0119trzne Promienniki podczerwieni sterowane z aplikacji  TF-3200IR\" srcset=\"https:\/\/aluzadaszenia.pl\/wp-content\/uploads\/2023\/12\/prom-apk-pilot-2048x1481-1-300x300.jpg 300w, https:\/\/aluzadaszenia.pl\/wp-content\/uploads\/2023\/12\/prom-apk-pilot-2048x1481-1-100x100.jpg 100w, https:\/\/aluzadaszenia.pl\/wp-content\/uploads\/2023\/12\/prom-apk-pilot-2048x1481-1-150x150.jpg 150w, https:\/\/aluzadaszenia.pl\/wp-content\/uploads\/2023\/12\/elementor\/thumbs\/prom-apk-pilot-2048x1481-1-qgo1ga68rx0lgh7vvshcf135zndlqyhzn9dy6pkeq0.jpg 500w\" sizes=\"(max-width: 300px) 100vw, 300px\" \/><\/div>\n\t\t\t\t\t<div class=\"wc-block-grid__product-title\">Zewn\u0119trzne Promienniki podczerwieni sterowane z aplikacji  TF-3200IR<\/div>\n\t\t\t\t<\/a>\n\t\t\t\t<div class=\"wc-block-grid__product-price price\"><span class=\"woocommerce-Price-amount amount\">1250,00&nbsp;<span class=\"woocommerce-Price-currencySymbol\">&#122;&#322;<\/span><\/span><\/div>\n\t\t\t\t\n\t\t\t\t<div class=\"wp-block-button wc-block-grid__product-add-to-cart\"><a href=\"?add-to-cart=284\" aria-label=\"Add to cart: &ldquo;Zewn\u0119trzne Promienniki podczerwieni sterowane z aplikacji  TF-3200IR&rdquo;\" data-quantity=\"1\" data-product_id=\"284\" data-product_sku=\"\" data-price=\"1250\" rel=\"nofollow\" class=\"wp-block-button__link  add_to_cart_button ajax_add_to_cart\">Add to cart<\/a><\/div>\n\t\t\t<\/li><li class=\"wc-block-grid__product\">\n\t\t\t\t<a href=\"https:\/\/aluzadaszenia.pl\/?product=zewnetrzne-promienniki-podczerwieni-sterowane-z-aplikacji-tf-2400ir\" class=\"wc-block-grid__product-link\">\n\t\t\t\t\t\n\t\t\t\t\t<div class=\"wc-block-grid__product-image\"><img decoding=\"async\" width=\"300\" height=\"300\" src=\"https:\/\/aluzadaszenia.pl\/wp-content\/uploads\/2023\/12\/prom-apk-pilot-2048x1481-1-300x300.jpg\" class=\"attachment-woocommerce_thumbnail size-woocommerce_thumbnail\" alt=\"Zewn\u0119trzne Promienniki podczerwieni sterowane z aplikacji  TF-2400IR\" srcset=\"https:\/\/aluzadaszenia.pl\/wp-content\/uploads\/2023\/12\/prom-apk-pilot-2048x1481-1-300x300.jpg 300w, https:\/\/aluzadaszenia.pl\/wp-content\/uploads\/2023\/12\/prom-apk-pilot-2048x1481-1-100x100.jpg 100w, https:\/\/aluzadaszenia.pl\/wp-content\/uploads\/2023\/12\/prom-apk-pilot-2048x1481-1-150x150.jpg 150w, https:\/\/aluzadaszenia.pl\/wp-content\/uploads\/2023\/12\/elementor\/thumbs\/prom-apk-pilot-2048x1481-1-qgo1ga68rx0lgh7vvshcf135zndlqyhzn9dy6pkeq0.jpg 500w\" sizes=\"(max-width: 300px) 100vw, 300px\" \/><\/div>\n\t\t\t\t\t<div class=\"wc-block-grid__product-title\">Zewn\u0119trzne Promienniki podczerwieni sterowane z aplikacji  TF-2400IR<\/div>\n\t\t\t\t<\/a>\n\t\t\t\t<div class=\"wc-block-grid__product-price price\"><span class=\"woocommerce-Price-amount amount\">1150,00&nbsp;<span class=\"woocommerce-Price-currencySymbol\">&#122;&#322;<\/span><\/span><\/div>\n\t\t\t\t\n\t\t\t\t<div class=\"wp-block-button wc-block-grid__product-add-to-cart\"><a href=\"https:\/\/aluzadaszenia.pl\/?product=zewnetrzne-promienniki-podczerwieni-sterowane-z-aplikacji-tf-2400ir\" aria-label=\"Read more about &ldquo;Zewn\u0119trzne Promienniki podczerwieni sterowane z aplikacji  TF-2400IR&rdquo;\" data-quantity=\"1\" data-product_id=\"283\" data-product_sku=\"\" data-price=\"1150\" rel=\"nofollow\" class=\"wp-block-button__link  add_to_cart_button\">Read more<\/a><\/div>\n\t\t\t<\/li><li class=\"wc-block-grid__product\">\n\t\t\t\t<a href=\"https:\/\/aluzadaszenia.pl\/?product=zewnetrzne-promienniki-podczerwieni-sterowane-z-aplikacji-tf-1200ir\" class=\"wc-block-grid__product-link\">\n\t\t\t\t\t\n\t\t\t\t\t<div class=\"wc-block-grid__product-image\"><img loading=\"lazy\" decoding=\"async\" width=\"300\" height=\"300\" src=\"https:\/\/aluzadaszenia.pl\/wp-content\/uploads\/2023\/12\/prom-apk-pilot-2048x1481-1-300x300.jpg\" class=\"attachment-woocommerce_thumbnail size-woocommerce_thumbnail\" alt=\"Zewn\u0119trzne Promienniki podczerwieni sterowane z aplikacji  TF-1200IR\" srcset=\"https:\/\/aluzadaszenia.pl\/wp-content\/uploads\/2023\/12\/prom-apk-pilot-2048x1481-1-300x300.jpg 300w, https:\/\/aluzadaszenia.pl\/wp-content\/uploads\/2023\/12\/prom-apk-pilot-2048x1481-1-100x100.jpg 100w, https:\/\/aluzadaszenia.pl\/wp-content\/uploads\/2023\/12\/prom-apk-pilot-2048x1481-1-150x150.jpg 150w, https:\/\/aluzadaszenia.pl\/wp-content\/uploads\/2023\/12\/elementor\/thumbs\/prom-apk-pilot-2048x1481-1-qgo1ga68rx0lgh7vvshcf135zndlqyhzn9dy6pkeq0.jpg 500w\" sizes=\"(max-width: 300px) 100vw, 300px\" \/><\/div>\n\t\t\t\t\t<div class=\"wc-block-grid__product-title\">Zewn\u0119trzne Promienniki podczerwieni sterowane z aplikacji  TF-1200IR<\/div>\n\t\t\t\t<\/a>\n\t\t\t\t<div class=\"wc-block-grid__product-price price\"><span class=\"woocommerce-Price-amount amount\">1050,00&nbsp;<span class=\"woocommerce-Price-currencySymbol\">&#122;&#322;<\/span><\/span><\/div>\n\t\t\t\t\n\t\t\t\t<div class=\"wp-block-button wc-block-grid__product-add-to-cart\"><a href=\"https:\/\/aluzadaszenia.pl\/?product=zewnetrzne-promienniki-podczerwieni-sterowane-z-aplikacji-tf-1200ir\" aria-label=\"Read more about &ldquo;Zewn\u0119trzne Promienniki podczerwieni sterowane z aplikacji  TF-1200IR&rdquo;\" data-quantity=\"1\" data-product_id=\"280\" data-product_sku=\"\" data-price=\"1050\" rel=\"nofollow\" class=\"wp-block-button__link  add_to_cart_button\">Read more<\/a><\/div>\n\t\t\t<\/li><\/ul><\/div><\/div><\/div>","protected":false},"excerpt":{"rendered":"","protected":false},"author":1,"featured_media":0,"parent":0,"menu_order":0,"comment_status":"closed","ping_status":"closed","template":"","meta":{"_uag_custom_page_level_css":"","neve_meta_sidebar":"","neve_meta_container":"","neve_meta_enable_content_width":"","neve_meta_content_width":0,"neve_meta_title_alignment":"","neve_meta_author_avatar":"","neve_post_elements_order":"","neve_meta_disable_header":"","neve_meta_disable_footer":"","neve_meta_disable_title":"","footnotes":""},"class_list":["post-273","page","type-page","status-publish","hentry"],"yoast_head":"<!-- This site is optimized with the Yoast SEO plugin v21.6 - https:\/\/yoast.com\/wordpress\/plugins\/seo\/ -->\n<title>Koszyk - Aluminiowe zadaszenia taras\u00f3w<\/title>\n<meta name=\"robots\" content=\"index, follow, max-snippet:-1, max-image-preview:large, max-video-preview:-1\" \/>\n<link rel=\"canonical\" href=\"https:\/\/aluzadaszenia.pl\/?page_id=273\" \/>\n<meta property=\"og:locale\" content=\"en_US\" \/>\n<meta property=\"og:type\" content=\"article\" \/>\n<meta property=\"og:title\" content=\"Koszyk - Aluminiowe zadaszenia taras\u00f3w\" \/>\n<meta property=\"og:url\" content=\"https:\/\/aluzadaszenia.pl\/?page_id=273\" \/>\n<meta property=\"og:site_name\" content=\"Aluminiowe zadaszenia taras\u00f3w\" \/>\n<meta name=\"twitter:card\" content=\"summary_large_image\" \/>\n<script type=\"application\/ld+json\" class=\"yoast-schema-graph\">{\"@context\":\"https:\/\/schema.org\",\"@graph\":[{\"@type\":\"WebPage\",\"@id\":\"https:\/\/aluzadaszenia.pl\/?page_id=273\",\"url\":\"https:\/\/aluzadaszenia.pl\/?page_id=273\",\"name\":\"Koszyk - Aluminiowe zadaszenia taras\u00f3w\",\"isPartOf\":{\"@id\":\"https:\/\/aluzadaszenia.pl\/#website\"},\"datePublished\":\"2024-01-08T16:21:57+00:00\",\"dateModified\":\"2024-01-08T16:21:57+00:00\",\"breadcrumb\":{\"@id\":\"https:\/\/aluzadaszenia.pl\/?page_id=273#breadcrumb\"},\"inLanguage\":\"en-US\",\"potentialAction\":[{\"@type\":\"ReadAction\",\"target\":[\"https:\/\/aluzadaszenia.pl\/?page_id=273\"]}]},{\"@type\":\"BreadcrumbList\",\"@id\":\"https:\/\/aluzadaszenia.pl\/?page_id=273#breadcrumb\",\"itemListElement\":[{\"@type\":\"ListItem\",\"position\":1,\"name\":\"Home\",\"item\":\"https:\/\/aluzadaszenia.pl\/\"},{\"@type\":\"ListItem\",\"position\":2,\"name\":\"Koszyk\"}]},{\"@type\":\"WebSite\",\"@id\":\"https:\/\/aluzadaszenia.pl\/#website\",\"url\":\"https:\/\/aluzadaszenia.pl\/\",\"name\":\"Aluminiowe zadaszenia taras\u00f3w\",\"description\":\"\",\"publisher\":{\"@id\":\"https:\/\/aluzadaszenia.pl\/#organization\"},\"potentialAction\":[{\"@type\":\"SearchAction\",\"target\":{\"@type\":\"EntryPoint\",\"urlTemplate\":\"https:\/\/aluzadaszenia.pl\/?s={search_term_string}\"},\"query-input\":\"required name=search_term_string\"}],\"inLanguage\":\"en-US\"},{\"@type\":\"Organization\",\"@id\":\"https:\/\/aluzadaszenia.pl\/#organization\",\"name\":\"Aluminiowe zadaszenia taras\u00f3w\",\"url\":\"https:\/\/aluzadaszenia.pl\/\",\"logo\":{\"@type\":\"ImageObject\",\"inLanguage\":\"en-US\",\"@id\":\"https:\/\/aluzadaszenia.pl\/#\/schema\/logo\/image\/\",\"url\":\"https:\/\/aluzadaszenia.pl\/wp-content\/uploads\/2023\/12\/cropped-customcolor_logo_transparent_background.png\",\"contentUrl\":\"https:\/\/aluzadaszenia.pl\/wp-content\/uploads\/2023\/12\/cropped-customcolor_logo_transparent_background.png\",\"width\":3123,\"height\":1407,\"caption\":\"Aluminiowe zadaszenia taras\u00f3w\"},\"image\":{\"@id\":\"https:\/\/aluzadaszenia.pl\/#\/schema\/logo\/image\/\"}}]}<\/script>\n<!-- \/ Yoast SEO plugin. -->","yoast_head_json":{"title":"Koszyk - Aluminiowe zadaszenia taras\u00f3w","robots":{"index":"index","follow":"follow","max-snippet":"max-snippet:-1","max-image-preview":"max-image-preview:large","max-video-preview":"max-video-preview:-1"},"canonical":"https:\/\/aluzadaszenia.pl\/?page_id=273","og_locale":"en_US","og_type":"article","og_title":"Koszyk - Aluminiowe zadaszenia taras\u00f3w","og_url":"https:\/\/aluzadaszenia.pl\/?page_id=273","og_site_name":"Aluminiowe zadaszenia taras\u00f3w","twitter_card":"summary_large_image","schema":{"@context":"https:\/\/schema.org","@graph":[{"@type":"WebPage","@id":"https:\/\/aluzadaszenia.pl\/?page_id=273","url":"https:\/\/aluzadaszenia.pl\/?page_id=273","name":"Koszyk - Aluminiowe zadaszenia taras\u00f3w","isPartOf":{"@id":"https:\/\/aluzadaszenia.pl\/#website"},"datePublished":"2024-01-08T16:21:57+00:00","dateModified":"2024-01-08T16:21:57+00:00","breadcrumb":{"@id":"https:\/\/aluzadaszenia.pl\/?page_id=273#breadcrumb"},"inLanguage":"en-US","potentialAction":[{"@type":"ReadAction","target":["https:\/\/aluzadaszenia.pl\/?page_id=273"]}]},{"@type":"BreadcrumbList","@id":"https:\/\/aluzadaszenia.pl\/?page_id=273#breadcrumb","itemListElement":[{"@type":"ListItem","position":1,"name":"Home","item":"https:\/\/aluzadaszenia.pl\/"},{"@type":"ListItem","position":2,"name":"Koszyk"}]},{"@type":"WebSite","@id":"https:\/\/aluzadaszenia.pl\/#website","url":"https:\/\/aluzadaszenia.pl\/","name":"Aluminiowe zadaszenia taras\u00f3w","description":"","publisher":{"@id":"https:\/\/aluzadaszenia.pl\/#organization"},"potentialAction":[{"@type":"SearchAction","target":{"@type":"EntryPoint","urlTemplate":"https:\/\/aluzadaszenia.pl\/?s={search_term_string}"},"query-input":"required name=search_term_string"}],"inLanguage":"en-US"},{"@type":"Organization","@id":"https:\/\/aluzadaszenia.pl\/#organization","name":"Aluminiowe zadaszenia taras\u00f3w","url":"https:\/\/aluzadaszenia.pl\/","logo":{"@type":"ImageObject","inLanguage":"en-US","@id":"https:\/\/aluzadaszenia.pl\/#\/schema\/logo\/image\/","url":"https:\/\/aluzadaszenia.pl\/wp-content\/uploads\/2023\/12\/cropped-customcolor_logo_transparent_background.png","contentUrl":"https:\/\/aluzadaszenia.pl\/wp-content\/uploads\/2023\/12\/cropped-customcolor_logo_transparent_background.png","width":3123,"height":1407,"caption":"Aluminiowe zadaszenia taras\u00f3w"},"image":{"@id":"https:\/\/aluzadaszenia.pl\/#\/schema\/logo\/image\/"}}]}},"jetpack_sharing_enabled":true,"uagb_featured_image_src":{"full":false,"thumbnail":false,"medium":false,"medium_large":false,"large":false,"1536x1536":false,"2048x2048":false,"neve-blog":false,"woocommerce_thumbnail":false,"woocommerce_single":false,"woocommerce_gallery_thumbnail":false},"uagb_author_info":{"display_name":"admin","author_link":"https:\/\/aluzadaszenia.pl\/?author=1"},"uagb_comment_info":0,"uagb_excerpt":null,"_links":{"self":[{"href":"https:\/\/aluzadaszenia.pl\/index.php?rest_route=\/wp\/v2\/pages\/273","targetHints":{"allow":["GET"]}}],"collection":[{"href":"https:\/\/aluzadaszenia.pl\/index.php?rest_route=\/wp\/v2\/pages"}],"about":[{"href":"https:\/\/aluzadaszenia.pl\/index.php?rest_route=\/wp\/v2\/types\/page"}],"author":[{"embeddable":true,"href":"https:\/\/aluzadaszenia.pl\/index.php?rest_route=\/wp\/v2\/users\/1"}],"replies":[{"embeddable":true,"href":"https:\/\/aluzadaszenia.pl\/index.php?rest_route=%2Fwp%2Fv2%2Fcomments&post=273"}],"version-history":[{"count":0,"href":"https:\/\/aluzadaszenia.pl\/index.php?rest_route=\/wp\/v2\/pages\/273\/revisions"}],"wp:attachment":[{"href":"https:\/\/aluzadaszenia.pl\/index.php?rest_route=%2Fwp%2Fv2%2Fmedia&parent=273"}],"curies":[{"name":"wp","href":"https:\/\/api.w.org\/{rel}","templated":true}]}}