{"id":213,"date":"2024-01-07T13:44:29","date_gmt":"2024-01-07T12:44:29","guid":{"rendered":"https:\/\/aluzadaszenia.pl\/?page_id=213"},"modified":"2024-04-24T19:52:54","modified_gmt":"2024-04-24T17:52:54","slug":"akcesoria","status":"publish","type":"page","link":"https:\/\/aluzadaszenia.pl\/?page_id=213","title":{"rendered":"Akcesoria"},"content":{"rendered":"\t\t<div data-elementor-type=\"wp-page\" data-elementor-id=\"213\" class=\"elementor elementor-213\">\n\t\t\t\t\t\t\t<div class=\"elementor-element elementor-element-5f6a98e e-flex e-con-boxed e-con e-parent\" data-id=\"5f6a98e\" data-element_type=\"container\" data-settings=\"{&quot;content_width&quot;:&quot;boxed&quot;}\" data-core-v316-plus=\"true\">\n\t\t\t\t\t<div class=\"e-con-inner\">\n\t\t\t\t<div class=\"elementor-element elementor-element-30003f5 elementor-widget elementor-widget-heading\" data-id=\"30003f5\" data-element_type=\"widget\" data-settings=\"{&quot;_animation&quot;:&quot;none&quot;}\" data-widget_type=\"heading.default\">\n\t\t\t\t<div class=\"elementor-widget-container\">\n\t\t\t<style>\/*! elementor - v3.18.0 - 20-12-2023 *\/\n.elementor-heading-title{padding:0;margin:0;line-height:1}.elementor-widget-heading .elementor-heading-title[class*=elementor-size-]>a{color:inherit;font-size:inherit;line-height:inherit}.elementor-widget-heading .elementor-heading-title.elementor-size-small{font-size:15px}.elementor-widget-heading .elementor-heading-title.elementor-size-medium{font-size:19px}.elementor-widget-heading .elementor-heading-title.elementor-size-large{font-size:29px}.elementor-widget-heading .elementor-heading-title.elementor-size-xl{font-size:39px}.elementor-widget-heading .elementor-heading-title.elementor-size-xxl{font-size:59px}<\/style><h2 class=\"elementor-heading-title elementor-size-default\">Akcesoria<\/h2>\t\t<\/div>\n\t\t\t\t<\/div>\n\t\t\t\t\t<\/div>\n\t\t\t\t<\/div>\n\t\t<div class=\"elementor-element elementor-element-76a891f e-flex e-con-boxed e-con e-parent\" data-id=\"76a891f\" data-element_type=\"container\" data-settings=\"{&quot;content_width&quot;:&quot;boxed&quot;}\" data-core-v316-plus=\"true\">\n\t\t\t\t\t<div class=\"e-con-inner\">\n\t\t<div class=\"elementor-element elementor-element-a826bed e-con-full e-flex e-con e-child\" data-id=\"a826bed\" data-element_type=\"container\" data-settings=\"{&quot;content_width&quot;:&quot;full&quot;}\">\n\t\t\t\t<div class=\"elementor-element elementor-element-6fd3246 elementor-position-top elementor-widget elementor-widget-image-box\" data-id=\"6fd3246\" data-element_type=\"widget\" data-widget_type=\"image-box.default\">\n\t\t\t\t<div class=\"elementor-widget-container\">\n\t\t\t<style>\/*! elementor - v3.18.0 - 20-12-2023 *\/\n.elementor-widget-image-box .elementor-image-box-content{width:100%}@media (min-width:768px){.elementor-widget-image-box.elementor-position-left .elementor-image-box-wrapper,.elementor-widget-image-box.elementor-position-right .elementor-image-box-wrapper{display:flex}.elementor-widget-image-box.elementor-position-right .elementor-image-box-wrapper{text-align:right;flex-direction:row-reverse}.elementor-widget-image-box.elementor-position-left .elementor-image-box-wrapper{text-align:left;flex-direction:row}.elementor-widget-image-box.elementor-position-top .elementor-image-box-img{margin:auto}.elementor-widget-image-box.elementor-vertical-align-top .elementor-image-box-wrapper{align-items:flex-start}.elementor-widget-image-box.elementor-vertical-align-middle .elementor-image-box-wrapper{align-items:center}.elementor-widget-image-box.elementor-vertical-align-bottom .elementor-image-box-wrapper{align-items:flex-end}}@media (max-width:767px){.elementor-widget-image-box .elementor-image-box-img{margin-left:auto!important;margin-right:auto!important;margin-bottom:15px}}.elementor-widget-image-box .elementor-image-box-img{display:inline-block}.elementor-widget-image-box .elementor-image-box-title a{color:inherit}.elementor-widget-image-box .elementor-image-box-wrapper{text-align:center}.elementor-widget-image-box .elementor-image-box-description{margin:0}<\/style><div class=\"elementor-image-box-wrapper\"><figure class=\"elementor-image-box-img\"><a href=\"https:\/\/aluzadaszenia.pl\/?page_id=219\" tabindex=\"-1\"><img fetchpriority=\"high\" decoding=\"async\" width=\"395\" height=\"396\" src=\"https:\/\/aluzadaszenia.pl\/wp-content\/uploads\/2024\/01\/ZGARNIACZ-DACHOWY-SNIEGU-TELESKOPOWY-ZGARNIACZE-ODSNIEZANIA-DACHU-LOPATA-1.jpg\" class=\"attachment-full size-full wp-image-215\" alt=\"\" srcset=\"https:\/\/aluzadaszenia.pl\/wp-content\/uploads\/2024\/01\/ZGARNIACZ-DACHOWY-SNIEGU-TELESKOPOWY-ZGARNIACZE-ODSNIEZANIA-DACHU-LOPATA-1.jpg 395w, https:\/\/aluzadaszenia.pl\/wp-content\/uploads\/2024\/01\/ZGARNIACZ-DACHOWY-SNIEGU-TELESKOPOWY-ZGARNIACZE-ODSNIEZANIA-DACHU-LOPATA-1-300x300.jpg 300w, https:\/\/aluzadaszenia.pl\/wp-content\/uploads\/2024\/01\/ZGARNIACZ-DACHOWY-SNIEGU-TELESKOPOWY-ZGARNIACZE-ODSNIEZANIA-DACHU-LOPATA-1-100x100.jpg 100w, https:\/\/aluzadaszenia.pl\/wp-content\/uploads\/2024\/01\/ZGARNIACZ-DACHOWY-SNIEGU-TELESKOPOWY-ZGARNIACZE-ODSNIEZANIA-DACHU-LOPATA-1-150x150.jpg 150w\" sizes=\"(max-width: 395px) 100vw, 395px\" \/><\/a><\/figure><div class=\"elementor-image-box-content\"><h3 class=\"elementor-image-box-title\"><a href=\"https:\/\/aluzadaszenia.pl\/?page_id=219\">\u0141opata do od\u015bnie\u017cania dachu 193\u2013497 cm<\/a><\/h3><\/div><\/div>\t\t<\/div>\n\t\t\t\t<\/div>\n\t\t\t\t<\/div>\n\t\t<div class=\"elementor-element elementor-element-3ae8bbc e-con-full e-flex e-con e-child\" data-id=\"3ae8bbc\" data-element_type=\"container\" data-settings=\"{&quot;content_width&quot;:&quot;full&quot;}\">\n\t\t\t\t<\/div>\n\t\t\t\t\t<\/div>\n\t\t\t\t<\/div>\n\t\t\t\t\t\t\t<\/div>\n\t\t","protected":false},"excerpt":{"rendered":"<p>Akcesoria \u0141opata do od\u015bnie\u017cania dachu 193\u2013497 cm<\/p>\n","protected":false},"author":1,"featured_media":0,"parent":0,"menu_order":0,"comment_status":"closed","ping_status":"closed","template":"","meta":{"_uag_custom_page_level_css":"","neve_meta_sidebar":"","neve_meta_container":"","neve_meta_enable_content_width":"","neve_meta_content_width":0,"neve_meta_title_alignment":"","neve_meta_author_avatar":"","neve_post_elements_order":"","neve_meta_disable_header":"","neve_meta_disable_footer":"","neve_meta_disable_title":"","footnotes":""},"class_list":["post-213","page","type-page","status-publish","hentry"],"yoast_head":"<!-- This site is optimized with the Yoast SEO plugin v21.6 - https:\/\/yoast.com\/wordpress\/plugins\/seo\/ -->\n<title>Akcesoria - Aluminiowe zadaszenia taras\u00f3w<\/title>\n<meta name=\"description\" content=\"Aluzadaszenia - Akcesoria znajdziecie tu mi\u0119dzy innymi \u0142opaty teleskopowe do od\u015bnie\u017cania dachu, promienniki ciep\u0142a.\" \/>\n<meta name=\"robots\" content=\"index, follow, max-snippet:-1, max-image-preview:large, max-video-preview:-1\" \/>\n<link rel=\"canonical\" href=\"https:\/\/aluzadaszenia.pl\/?page_id=213\" \/>\n<meta property=\"og:locale\" content=\"en_US\" \/>\n<meta property=\"og:type\" content=\"article\" \/>\n<meta property=\"og:title\" content=\"Akcesoria - Aluminiowe zadaszenia taras\u00f3w\" \/>\n<meta property=\"og:description\" content=\"Aluzadaszenia - Akcesoria znajdziecie tu mi\u0119dzy innymi \u0142opaty teleskopowe do od\u015bnie\u017cania dachu, promienniki ciep\u0142a.\" \/>\n<meta property=\"og:url\" content=\"https:\/\/aluzadaszenia.pl\/?page_id=213\" \/>\n<meta property=\"og:site_name\" content=\"Aluminiowe zadaszenia taras\u00f3w\" \/>\n<meta property=\"article:modified_time\" content=\"2024-04-24T17:52:54+00:00\" \/>\n<meta property=\"og:image\" content=\"https:\/\/aluzadaszenia.pl\/wp-content\/uploads\/2024\/01\/ZGARNIACZ-DACHOWY-SNIEGU-TELESKOPOWY-ZGARNIACZE-ODSNIEZANIA-DACHU-LOPATA-1.jpg\" \/>\n<meta name=\"twitter:card\" content=\"summary_large_image\" \/>\n<meta name=\"twitter:label1\" content=\"Est. reading time\" \/>\n\t<meta name=\"twitter:data1\" content=\"1 minute\" \/>\n<script type=\"application\/ld+json\" class=\"yoast-schema-graph\">{\"@context\":\"https:\/\/schema.org\",\"@graph\":[{\"@type\":\"WebPage\",\"@id\":\"https:\/\/aluzadaszenia.pl\/?page_id=213\",\"url\":\"https:\/\/aluzadaszenia.pl\/?page_id=213\",\"name\":\"Akcesoria - Aluminiowe zadaszenia taras\u00f3w\",\"isPartOf\":{\"@id\":\"https:\/\/aluzadaszenia.pl\/#website\"},\"datePublished\":\"2024-01-07T12:44:29+00:00\",\"dateModified\":\"2024-04-24T17:52:54+00:00\",\"description\":\"Aluzadaszenia - Akcesoria znajdziecie tu mi\u0119dzy innymi \u0142opaty teleskopowe do od\u015bnie\u017cania dachu, promienniki ciep\u0142a.\",\"breadcrumb\":{\"@id\":\"https:\/\/aluzadaszenia.pl\/?page_id=213#breadcrumb\"},\"inLanguage\":\"en-US\",\"potentialAction\":[{\"@type\":\"ReadAction\",\"target\":[\"https:\/\/aluzadaszenia.pl\/?page_id=213\"]}]},{\"@type\":\"BreadcrumbList\",\"@id\":\"https:\/\/aluzadaszenia.pl\/?page_id=213#breadcrumb\",\"itemListElement\":[{\"@type\":\"ListItem\",\"position\":1,\"name\":\"Home\",\"item\":\"https:\/\/aluzadaszenia.pl\/\"},{\"@type\":\"ListItem\",\"position\":2,\"name\":\"Akcesoria\"}]},{\"@type\":\"WebSite\",\"@id\":\"https:\/\/aluzadaszenia.pl\/#website\",\"url\":\"https:\/\/aluzadaszenia.pl\/\",\"name\":\"Aluminiowe zadaszenia taras\u00f3w\",\"description\":\"\",\"publisher\":{\"@id\":\"https:\/\/aluzadaszenia.pl\/#organization\"},\"potentialAction\":[{\"@type\":\"SearchAction\",\"target\":{\"@type\":\"EntryPoint\",\"urlTemplate\":\"https:\/\/aluzadaszenia.pl\/?s={search_term_string}\"},\"query-input\":\"required name=search_term_string\"}],\"inLanguage\":\"en-US\"},{\"@type\":\"Organization\",\"@id\":\"https:\/\/aluzadaszenia.pl\/#organization\",\"name\":\"Aluminiowe zadaszenia taras\u00f3w\",\"url\":\"https:\/\/aluzadaszenia.pl\/\",\"logo\":{\"@type\":\"ImageObject\",\"inLanguage\":\"en-US\",\"@id\":\"https:\/\/aluzadaszenia.pl\/#\/schema\/logo\/image\/\",\"url\":\"https:\/\/aluzadaszenia.pl\/wp-content\/uploads\/2023\/12\/cropped-customcolor_logo_transparent_background.png\",\"contentUrl\":\"https:\/\/aluzadaszenia.pl\/wp-content\/uploads\/2023\/12\/cropped-customcolor_logo_transparent_background.png\",\"width\":3123,\"height\":1407,\"caption\":\"Aluminiowe zadaszenia taras\u00f3w\"},\"image\":{\"@id\":\"https:\/\/aluzadaszenia.pl\/#\/schema\/logo\/image\/\"}}]}<\/script>\n<!-- \/ Yoast SEO plugin. -->","yoast_head_json":{"title":"Akcesoria - Aluminiowe zadaszenia taras\u00f3w","description":"Aluzadaszenia - Akcesoria znajdziecie tu mi\u0119dzy innymi \u0142opaty teleskopowe do od\u015bnie\u017cania dachu, promienniki ciep\u0142a.","robots":{"index":"index","follow":"follow","max-snippet":"max-snippet:-1","max-image-preview":"max-image-preview:large","max-video-preview":"max-video-preview:-1"},"canonical":"https:\/\/aluzadaszenia.pl\/?page_id=213","og_locale":"en_US","og_type":"article","og_title":"Akcesoria - Aluminiowe zadaszenia taras\u00f3w","og_description":"Aluzadaszenia - Akcesoria znajdziecie tu mi\u0119dzy innymi \u0142opaty teleskopowe do od\u015bnie\u017cania dachu, promienniki ciep\u0142a.","og_url":"https:\/\/aluzadaszenia.pl\/?page_id=213","og_site_name":"Aluminiowe zadaszenia taras\u00f3w","article_modified_time":"2024-04-24T17:52:54+00:00","og_image":[{"url":"https:\/\/aluzadaszenia.pl\/wp-content\/uploads\/2024\/01\/ZGARNIACZ-DACHOWY-SNIEGU-TELESKOPOWY-ZGARNIACZE-ODSNIEZANIA-DACHU-LOPATA-1.jpg"}],"twitter_card":"summary_large_image","twitter_misc":{"Est. reading time":"1 minute"},"schema":{"@context":"https:\/\/schema.org","@graph":[{"@type":"WebPage","@id":"https:\/\/aluzadaszenia.pl\/?page_id=213","url":"https:\/\/aluzadaszenia.pl\/?page_id=213","name":"Akcesoria - Aluminiowe zadaszenia taras\u00f3w","isPartOf":{"@id":"https:\/\/aluzadaszenia.pl\/#website"},"datePublished":"2024-01-07T12:44:29+00:00","dateModified":"2024-04-24T17:52:54+00:00","description":"Aluzadaszenia - Akcesoria znajdziecie tu mi\u0119dzy innymi \u0142opaty teleskopowe do od\u015bnie\u017cania dachu, promienniki ciep\u0142a.","breadcrumb":{"@id":"https:\/\/aluzadaszenia.pl\/?page_id=213#breadcrumb"},"inLanguage":"en-US","potentialAction":[{"@type":"ReadAction","target":["https:\/\/aluzadaszenia.pl\/?page_id=213"]}]},{"@type":"BreadcrumbList","@id":"https:\/\/aluzadaszenia.pl\/?page_id=213#breadcrumb","itemListElement":[{"@type":"ListItem","position":1,"name":"Home","item":"https:\/\/aluzadaszenia.pl\/"},{"@type":"ListItem","position":2,"name":"Akcesoria"}]},{"@type":"WebSite","@id":"https:\/\/aluzadaszenia.pl\/#website","url":"https:\/\/aluzadaszenia.pl\/","name":"Aluminiowe zadaszenia taras\u00f3w","description":"","publisher":{"@id":"https:\/\/aluzadaszenia.pl\/#organization"},"potentialAction":[{"@type":"SearchAction","target":{"@type":"EntryPoint","urlTemplate":"https:\/\/aluzadaszenia.pl\/?s={search_term_string}"},"query-input":"required name=search_term_string"}],"inLanguage":"en-US"},{"@type":"Organization","@id":"https:\/\/aluzadaszenia.pl\/#organization","name":"Aluminiowe zadaszenia taras\u00f3w","url":"https:\/\/aluzadaszenia.pl\/","logo":{"@type":"ImageObject","inLanguage":"en-US","@id":"https:\/\/aluzadaszenia.pl\/#\/schema\/logo\/image\/","url":"https:\/\/aluzadaszenia.pl\/wp-content\/uploads\/2023\/12\/cropped-customcolor_logo_transparent_background.png","contentUrl":"https:\/\/aluzadaszenia.pl\/wp-content\/uploads\/2023\/12\/cropped-customcolor_logo_transparent_background.png","width":3123,"height":1407,"caption":"Aluminiowe zadaszenia taras\u00f3w"},"image":{"@id":"https:\/\/aluzadaszenia.pl\/#\/schema\/logo\/image\/"}}]}},"jetpack_sharing_enabled":true,"uagb_featured_image_src":{"full":false,"thumbnail":false,"medium":false,"medium_large":false,"large":false,"1536x1536":false,"2048x2048":false,"neve-blog":false,"woocommerce_thumbnail":false,"woocommerce_single":false,"woocommerce_gallery_thumbnail":false},"uagb_author_info":{"display_name":"admin","author_link":"https:\/\/aluzadaszenia.pl\/?author=1"},"uagb_comment_info":0,"uagb_excerpt":"Akcesoria \u0141opata do od\u015bnie\u017cania dachu 193\u2013497 cm","_links":{"self":[{"href":"https:\/\/aluzadaszenia.pl\/index.php?rest_route=\/wp\/v2\/pages\/213","targetHints":{"allow":["GET"]}}],"collection":[{"href":"https:\/\/aluzadaszenia.pl\/index.php?rest_route=\/wp\/v2\/pages"}],"about":[{"href":"https:\/\/aluzadaszenia.pl\/index.php?rest_route=\/wp\/v2\/types\/page"}],"author":[{"embeddable":true,"href":"https:\/\/aluzadaszenia.pl\/index.php?rest_route=\/wp\/v2\/users\/1"}],"replies":[{"embeddable":true,"href":"https:\/\/aluzadaszenia.pl\/index.php?rest_route=%2Fwp%2Fv2%2Fcomments&post=213"}],"version-history":[{"count":10,"href":"https:\/\/aluzadaszenia.pl\/index.php?rest_route=\/wp\/v2\/pages\/213\/revisions"}],"predecessor-version":[{"id":290,"href":"https:\/\/aluzadaszenia.pl\/index.php?rest_route=\/wp\/v2\/pages\/213\/revisions\/290"}],"wp:attachment":[{"href":"https:\/\/aluzadaszenia.pl\/index.php?rest_route=%2Fwp%2Fv2%2Fmedia&parent=213"}],"curies":[{"name":"wp","href":"https:\/\/api.w.org\/{rel}","templated":true}]}}