{"id":189,"date":"2023-12-18T18:20:19","date_gmt":"2023-12-18T17:20:19","guid":{"rendered":"https:\/\/aluzadaszenia.pl\/?page_id=189"},"modified":"2024-01-09T18:50:54","modified_gmt":"2024-01-09T17:50:54","slug":"markizy","status":"publish","type":"page","link":"https:\/\/aluzadaszenia.pl\/?page_id=189","title":{"rendered":"Markizy"},"content":{"rendered":"\t\t<div data-elementor-type=\"wp-page\" data-elementor-id=\"189\" class=\"elementor elementor-189\">\n\t\t\t\t\t\t\t<div class=\"elementor-element elementor-element-9992656 e-flex e-con-boxed e-con e-parent\" data-id=\"9992656\" data-element_type=\"container\" data-settings=\"{&quot;content_width&quot;:&quot;boxed&quot;}\" data-core-v316-plus=\"true\">\n\t\t\t\t\t<div class=\"e-con-inner\">\n\t\t\t\t<div class=\"elementor-element elementor-element-ff374a7 elementor-widget elementor-widget-heading\" data-id=\"ff374a7\" data-element_type=\"widget\" data-widget_type=\"heading.default\">\n\t\t\t\t<div class=\"elementor-widget-container\">\n\t\t\t<style>\/*! elementor - v3.18.0 - 20-12-2023 *\/\n.elementor-heading-title{padding:0;margin:0;line-height:1}.elementor-widget-heading .elementor-heading-title[class*=elementor-size-]>a{color:inherit;font-size:inherit;line-height:inherit}.elementor-widget-heading .elementor-heading-title.elementor-size-small{font-size:15px}.elementor-widget-heading .elementor-heading-title.elementor-size-medium{font-size:19px}.elementor-widget-heading .elementor-heading-title.elementor-size-large{font-size:29px}.elementor-widget-heading .elementor-heading-title.elementor-size-xl{font-size:39px}.elementor-widget-heading .elementor-heading-title.elementor-size-xxl{font-size:59px}<\/style><h2 class=\"elementor-heading-title elementor-size-default\">Markizy<\/h2>\t\t<\/div>\n\t\t\t\t<\/div>\n\t\t\t\t\t<\/div>\n\t\t\t\t<\/div>\n\t\t<div class=\"elementor-element elementor-element-0e70447 e-flex e-con-boxed e-con e-parent\" data-id=\"0e70447\" data-element_type=\"container\" data-settings=\"{&quot;content_width&quot;:&quot;boxed&quot;}\" data-core-v316-plus=\"true\">\n\t\t\t\t\t<div class=\"e-con-inner\">\n\t\t<div class=\"elementor-element elementor-element-1b720a5 e-con-full e-flex e-con e-child\" data-id=\"1b720a5\" data-element_type=\"container\" data-settings=\"{&quot;content_width&quot;:&quot;full&quot;}\">\n\t\t\t\t<div class=\"elementor-element elementor-element-01cdbae elementor-widget elementor-widget-image\" data-id=\"01cdbae\" data-element_type=\"widget\" data-widget_type=\"image.default\">\n\t\t\t\t<div class=\"elementor-widget-container\">\n\t\t\t<style>\/*! elementor - v3.18.0 - 20-12-2023 *\/\n.elementor-widget-image{text-align:center}.elementor-widget-image a{display:inline-block}.elementor-widget-image a img[src$=\".svg\"]{width:48px}.elementor-widget-image img{vertical-align:middle;display:inline-block}<\/style>\t\t\t\t\t\t\t\t\t\t\t\t<img fetchpriority=\"high\" decoding=\"async\" width=\"800\" height=\"800\" src=\"https:\/\/aluzadaszenia.pl\/wp-content\/uploads\/2023\/12\/markiza-selt-malta.jpg\" class=\"attachment-large size-large wp-image-73\" alt=\"\" srcset=\"https:\/\/aluzadaszenia.pl\/wp-content\/uploads\/2023\/12\/markiza-selt-malta.jpg 800w, https:\/\/aluzadaszenia.pl\/wp-content\/uploads\/2023\/12\/markiza-selt-malta-300x300.jpg 300w, https:\/\/aluzadaszenia.pl\/wp-content\/uploads\/2023\/12\/markiza-selt-malta-100x100.jpg 100w, https:\/\/aluzadaszenia.pl\/wp-content\/uploads\/2023\/12\/markiza-selt-malta-600x600.jpg 600w, https:\/\/aluzadaszenia.pl\/wp-content\/uploads\/2023\/12\/markiza-selt-malta-150x150.jpg 150w, https:\/\/aluzadaszenia.pl\/wp-content\/uploads\/2023\/12\/markiza-selt-malta-768x768.jpg 768w, https:\/\/aluzadaszenia.pl\/wp-content\/uploads\/2023\/12\/elementor\/thumbs\/markiza-selt-malta-qgpnp2pe9bd89rie3533iwtuoojyc8mclf4rpkmqo8.jpg 500w\" sizes=\"(max-width: 800px) 100vw, 800px\" \/>\t\t\t\t\t\t\t\t\t\t\t\t\t\t\t<\/div>\n\t\t\t\t<\/div>\n\t\t\t\t<\/div>\n\t\t<div class=\"elementor-element elementor-element-19c0281 e-con-full e-flex e-con e-child\" data-id=\"19c0281\" data-element_type=\"container\" data-settings=\"{&quot;content_width&quot;:&quot;full&quot;}\">\n\t\t\t\t<div class=\"elementor-element elementor-element-17e8c58 elementor-widget elementor-widget-text-editor\" data-id=\"17e8c58\" data-element_type=\"widget\" data-widget_type=\"text-editor.default\">\n\t\t\t\t<div class=\"elementor-widget-container\">\n\t\t\t<style>\/*! elementor - v3.18.0 - 20-12-2023 *\/\n.elementor-widget-text-editor.elementor-drop-cap-view-stacked .elementor-drop-cap{background-color:#69727d;color:#fff}.elementor-widget-text-editor.elementor-drop-cap-view-framed .elementor-drop-cap{color:#69727d;border:3px solid;background-color:transparent}.elementor-widget-text-editor:not(.elementor-drop-cap-view-default) .elementor-drop-cap{margin-top:8px}.elementor-widget-text-editor:not(.elementor-drop-cap-view-default) .elementor-drop-cap-letter{width:1em;height:1em}.elementor-widget-text-editor .elementor-drop-cap{float:left;text-align:center;line-height:1;font-size:50px}.elementor-widget-text-editor .elementor-drop-cap-letter{display:inline-block}<\/style>\t\t\t\t<p>Markizy Selt s\u0105 cenione nie tylko jako doskona\u0142y spos\u00f3b na zacienienie balkonu, tarasu czy przydomowego ogrodu. Stanowi\u0105 r\u00f3wnie\u017c spos\u00f3b na podkre\u015blenie estetyki budynku, wykorzystuj\u0105c 150 rodzaj\u00f3w wysokogatunkowych tkanin akrylowych. S\u0105 one dodatkowo zabezpieczone impregnatem z\u00a0Teflonu, co gwarantuje wysok\u0105 trwa\u0142o\u015b\u0107 i\u00a0odporno\u015b\u0107 na dzia\u0142anie czynnik\u00f3w atmosferycznych.<\/p>\t\t\t\t\t\t<\/div>\n\t\t\t\t<\/div>\n\t\t\t\t<\/div>\n\t\t\t\t\t<\/div>\n\t\t\t\t<\/div>\n\t\t<div class=\"elementor-element elementor-element-4373a032 e-flex e-con-boxed e-con e-parent\" data-id=\"4373a032\" data-element_type=\"container\" data-settings=\"{&quot;background_background&quot;:&quot;classic&quot;,&quot;content_width&quot;:&quot;boxed&quot;}\" data-core-v316-plus=\"true\">\n\t\t\t\t\t<div class=\"e-con-inner\">\n\t\t<div class=\"elementor-element elementor-element-5d464368 e-con-full e-flex e-con e-child\" data-id=\"5d464368\" data-element_type=\"container\" data-settings=\"{&quot;content_width&quot;:&quot;full&quot;}\">\n\t\t\t\t<div class=\"elementor-element elementor-element-463fae07 elementor-position-top elementor-widget elementor-widget-image-box\" data-id=\"463fae07\" data-element_type=\"widget\" data-widget_type=\"image-box.default\">\n\t\t\t\t<div class=\"elementor-widget-container\">\n\t\t\t<style>\/*! elementor - v3.18.0 - 20-12-2023 *\/\n.elementor-widget-image-box .elementor-image-box-content{width:100%}@media (min-width:768px){.elementor-widget-image-box.elementor-position-left .elementor-image-box-wrapper,.elementor-widget-image-box.elementor-position-right .elementor-image-box-wrapper{display:flex}.elementor-widget-image-box.elementor-position-right .elementor-image-box-wrapper{text-align:right;flex-direction:row-reverse}.elementor-widget-image-box.elementor-position-left .elementor-image-box-wrapper{text-align:left;flex-direction:row}.elementor-widget-image-box.elementor-position-top .elementor-image-box-img{margin:auto}.elementor-widget-image-box.elementor-vertical-align-top .elementor-image-box-wrapper{align-items:flex-start}.elementor-widget-image-box.elementor-vertical-align-middle .elementor-image-box-wrapper{align-items:center}.elementor-widget-image-box.elementor-vertical-align-bottom .elementor-image-box-wrapper{align-items:flex-end}}@media (max-width:767px){.elementor-widget-image-box .elementor-image-box-img{margin-left:auto!important;margin-right:auto!important;margin-bottom:15px}}.elementor-widget-image-box .elementor-image-box-img{display:inline-block}.elementor-widget-image-box .elementor-image-box-title a{color:inherit}.elementor-widget-image-box .elementor-image-box-wrapper{text-align:center}.elementor-widget-image-box .elementor-image-box-description{margin:0}<\/style><div class=\"elementor-image-box-wrapper\"><figure class=\"elementor-image-box-img\"><img decoding=\"async\" width=\"3125\" height=\"1875\" src=\"https:\/\/aluzadaszenia.pl\/wp-content\/uploads\/2023\/12\/customcolor_logo_transparent_background.png\" class=\"attachment-full size-full wp-image-7\" alt=\"\" srcset=\"https:\/\/aluzadaszenia.pl\/wp-content\/uploads\/2023\/12\/customcolor_logo_transparent_background.png 3125w, https:\/\/aluzadaszenia.pl\/wp-content\/uploads\/2023\/12\/customcolor_logo_transparent_background-600x360.png 600w, https:\/\/aluzadaszenia.pl\/wp-content\/uploads\/2023\/12\/customcolor_logo_transparent_background-300x180.png 300w, https:\/\/aluzadaszenia.pl\/wp-content\/uploads\/2023\/12\/customcolor_logo_transparent_background-1024x614.png 1024w, https:\/\/aluzadaszenia.pl\/wp-content\/uploads\/2023\/12\/customcolor_logo_transparent_background-768x461.png 768w, https:\/\/aluzadaszenia.pl\/wp-content\/uploads\/2023\/12\/customcolor_logo_transparent_background-1536x922.png 1536w, https:\/\/aluzadaszenia.pl\/wp-content\/uploads\/2023\/12\/customcolor_logo_transparent_background-2048x1229.png 2048w\" sizes=\"(max-width: 3125px) 100vw, 3125px\" \/><\/figure><div class=\"elementor-image-box-content\"><p class=\"elementor-image-box-description\">NIP 8722143457\n<BR>G\u0142owaczowa 46W<\/BR>\n39-217 G\u0142owaczowa\n<BR> woj. podkarpackie<\/BR\n<\/p><\/div><\/div>\t\t<\/div>\n\t\t\t\t<\/div>\n\t\t\t\t<\/div>\n\t\t<div class=\"elementor-element elementor-element-1af0b9ec e-con-full e-flex e-con e-child\" data-id=\"1af0b9ec\" data-element_type=\"container\" data-settings=\"{&quot;content_width&quot;:&quot;full&quot;}\">\n\t\t\t\t<div class=\"elementor-element elementor-element-e6beef2 elementor-widget elementor-widget-heading\" data-id=\"e6beef2\" data-element_type=\"widget\" data-widget_type=\"heading.default\">\n\t\t\t\t<div class=\"elementor-widget-container\">\n\t\t\t<h2 class=\"elementor-heading-title elementor-size-default\">Kontakt<\/h2>\t\t<\/div>\n\t\t\t\t<\/div>\n\t\t\t\t<div class=\"elementor-element elementor-element-2b97a0a9 elementor-widget elementor-widget-text-editor\" data-id=\"2b97a0a9\" data-element_type=\"widget\" data-widget_type=\"text-editor.default\">\n\t\t\t\t<div class=\"elementor-widget-container\">\n\t\t\t\t\t\t\t<p>\u00a0+48 796405667<\/p><p>\u00a0+48 576683639<\/p><p>aluzadaszenia@gmail.com<\/p><p>Whatsapp 796405667<\/p>\t\t\t\t\t\t<\/div>\n\t\t\t\t<\/div>\n\t\t\t\t<\/div>\n\t\t<div class=\"elementor-element elementor-element-295fca21 e-con-full e-flex e-con e-child\" data-id=\"295fca21\" data-element_type=\"container\" data-settings=\"{&quot;content_width&quot;:&quot;full&quot;}\">\n\t\t\t\t<div class=\"elementor-element elementor-element-5f2436e5 elementor-widget elementor-widget-google_maps\" data-id=\"5f2436e5\" data-element_type=\"widget\" data-widget_type=\"google_maps.default\">\n\t\t\t\t<div class=\"elementor-widget-container\">\n\t\t\t<style>\/*! elementor - v3.18.0 - 20-12-2023 *\/\n.elementor-widget-google_maps .elementor-widget-container{overflow:hidden}.elementor-widget-google_maps .elementor-custom-embed{line-height:0}.elementor-widget-google_maps iframe{height:300px}<\/style>\t\t<div class=\"elementor-custom-embed\">\n\t\t\t<iframe loading=\"lazy\"\n\t\t\t\t\tsrc=\"https:\/\/maps.google.com\/maps?q=G%C5%82owaczowa%2046W&#038;t=m&#038;z=10&#038;output=embed&#038;iwloc=near\"\n\t\t\t\t\ttitle=\"G\u0142owaczowa 46W\"\n\t\t\t\t\taria-label=\"G\u0142owaczowa 46W\"\n\t\t\t><\/iframe>\n\t\t<\/div>\n\t\t\t\t<\/div>\n\t\t\t\t<\/div>\n\t\t\t\t<\/div>\n\t\t\t\t\t<\/div>\n\t\t\t\t<\/div>\n\t\t\t\t\t\t\t<\/div>\n\t\t","protected":false},"excerpt":{"rendered":"<p>Markizy Markizy Selt s\u0105 cenione nie tylko jako doskona\u0142y spos\u00f3b na zacienienie balkonu, tarasu czy przydomowego ogrodu. Stanowi\u0105 r\u00f3wnie\u017c spos\u00f3b na podkre\u015blenie estetyki budynku, wykorzystuj\u0105c 150 rodzaj\u00f3w wysokogatunkowych tkanin akrylowych. S\u0105 one dodatkowo zabezpieczone impregnatem z\u00a0Teflonu, co gwarantuje wysok\u0105 trwa\u0142o\u015b\u0107 i\u00a0odporno\u015b\u0107 na dzia\u0142anie czynnik\u00f3w atmosferycznych. NIP 8722143457 G\u0142owaczowa 46W 39-217 G\u0142owaczowa woj. podkarpackie<\/p>\n","protected":false},"author":1,"featured_media":0,"parent":0,"menu_order":0,"comment_status":"closed","ping_status":"closed","template":"","meta":{"_uag_custom_page_level_css":"","neve_meta_sidebar":"","neve_meta_container":"","neve_meta_enable_content_width":"","neve_meta_content_width":0,"neve_meta_title_alignment":"","neve_meta_author_avatar":"","neve_post_elements_order":"","neve_meta_disable_header":"","neve_meta_disable_footer":"","neve_meta_disable_title":"","footnotes":""},"class_list":["post-189","page","type-page","status-publish","hentry"],"yoast_head":"<!-- This site is optimized with the Yoast SEO plugin v21.6 - https:\/\/yoast.com\/wordpress\/plugins\/seo\/ -->\n<title>Markizy - Aluminiowe zadaszenia taras\u00f3w<\/title>\n<meta name=\"robots\" content=\"index, follow, max-snippet:-1, max-image-preview:large, max-video-preview:-1\" \/>\n<link rel=\"canonical\" href=\"https:\/\/aluzadaszenia.pl\/?page_id=189\" \/>\n<meta property=\"og:locale\" content=\"en_US\" \/>\n<meta property=\"og:type\" content=\"article\" \/>\n<meta property=\"og:title\" content=\"Markizy - Aluminiowe zadaszenia taras\u00f3w\" \/>\n<meta property=\"og:description\" content=\"Markizy Markizy Selt s\u0105 cenione nie tylko jako doskona\u0142y spos\u00f3b na zacienienie balkonu, tarasu czy przydomowego ogrodu. Stanowi\u0105 r\u00f3wnie\u017c spos\u00f3b na podkre\u015blenie estetyki budynku, wykorzystuj\u0105c 150 rodzaj\u00f3w wysokogatunkowych tkanin akrylowych. S\u0105 one dodatkowo zabezpieczone impregnatem z\u00a0Teflonu, co gwarantuje wysok\u0105 trwa\u0142o\u015b\u0107 i\u00a0odporno\u015b\u0107 na dzia\u0142anie czynnik\u00f3w atmosferycznych. NIP 8722143457 G\u0142owaczowa 46W 39-217 G\u0142owaczowa woj. podkarpackie\" \/>\n<meta property=\"og:url\" content=\"https:\/\/aluzadaszenia.pl\/?page_id=189\" \/>\n<meta property=\"og:site_name\" content=\"Aluminiowe zadaszenia taras\u00f3w\" \/>\n<meta property=\"article:modified_time\" content=\"2024-01-09T17:50:54+00:00\" \/>\n<meta property=\"og:image\" content=\"https:\/\/aluzadaszenia.pl\/wp-content\/uploads\/2023\/12\/markiza-selt-malta.jpg\" \/>\n<meta name=\"twitter:card\" content=\"summary_large_image\" \/>\n<meta name=\"twitter:label1\" content=\"Est. reading time\" \/>\n\t<meta name=\"twitter:data1\" content=\"1 minute\" \/>\n<script type=\"application\/ld+json\" class=\"yoast-schema-graph\">{\"@context\":\"https:\/\/schema.org\",\"@graph\":[{\"@type\":\"WebPage\",\"@id\":\"https:\/\/aluzadaszenia.pl\/?page_id=189\",\"url\":\"https:\/\/aluzadaszenia.pl\/?page_id=189\",\"name\":\"Markizy - Aluminiowe zadaszenia taras\u00f3w\",\"isPartOf\":{\"@id\":\"https:\/\/aluzadaszenia.pl\/#website\"},\"datePublished\":\"2023-12-18T17:20:19+00:00\",\"dateModified\":\"2024-01-09T17:50:54+00:00\",\"breadcrumb\":{\"@id\":\"https:\/\/aluzadaszenia.pl\/?page_id=189#breadcrumb\"},\"inLanguage\":\"en-US\",\"potentialAction\":[{\"@type\":\"ReadAction\",\"target\":[\"https:\/\/aluzadaszenia.pl\/?page_id=189\"]}]},{\"@type\":\"BreadcrumbList\",\"@id\":\"https:\/\/aluzadaszenia.pl\/?page_id=189#breadcrumb\",\"itemListElement\":[{\"@type\":\"ListItem\",\"position\":1,\"name\":\"Home\",\"item\":\"https:\/\/aluzadaszenia.pl\/\"},{\"@type\":\"ListItem\",\"position\":2,\"name\":\"Markizy\"}]},{\"@type\":\"WebSite\",\"@id\":\"https:\/\/aluzadaszenia.pl\/#website\",\"url\":\"https:\/\/aluzadaszenia.pl\/\",\"name\":\"Aluminiowe zadaszenia taras\u00f3w\",\"description\":\"\",\"publisher\":{\"@id\":\"https:\/\/aluzadaszenia.pl\/#organization\"},\"potentialAction\":[{\"@type\":\"SearchAction\",\"target\":{\"@type\":\"EntryPoint\",\"urlTemplate\":\"https:\/\/aluzadaszenia.pl\/?s={search_term_string}\"},\"query-input\":\"required name=search_term_string\"}],\"inLanguage\":\"en-US\"},{\"@type\":\"Organization\",\"@id\":\"https:\/\/aluzadaszenia.pl\/#organization\",\"name\":\"Aluminiowe zadaszenia taras\u00f3w\",\"url\":\"https:\/\/aluzadaszenia.pl\/\",\"logo\":{\"@type\":\"ImageObject\",\"inLanguage\":\"en-US\",\"@id\":\"https:\/\/aluzadaszenia.pl\/#\/schema\/logo\/image\/\",\"url\":\"https:\/\/aluzadaszenia.pl\/wp-content\/uploads\/2023\/12\/cropped-customcolor_logo_transparent_background.png\",\"contentUrl\":\"https:\/\/aluzadaszenia.pl\/wp-content\/uploads\/2023\/12\/cropped-customcolor_logo_transparent_background.png\",\"width\":3123,\"height\":1407,\"caption\":\"Aluminiowe zadaszenia taras\u00f3w\"},\"image\":{\"@id\":\"https:\/\/aluzadaszenia.pl\/#\/schema\/logo\/image\/\"}}]}<\/script>\n<!-- \/ Yoast SEO plugin. -->","yoast_head_json":{"title":"Markizy - Aluminiowe zadaszenia taras\u00f3w","robots":{"index":"index","follow":"follow","max-snippet":"max-snippet:-1","max-image-preview":"max-image-preview:large","max-video-preview":"max-video-preview:-1"},"canonical":"https:\/\/aluzadaszenia.pl\/?page_id=189","og_locale":"en_US","og_type":"article","og_title":"Markizy - Aluminiowe zadaszenia taras\u00f3w","og_description":"Markizy Markizy Selt s\u0105 cenione nie tylko jako doskona\u0142y spos\u00f3b na zacienienie balkonu, tarasu czy przydomowego ogrodu. Stanowi\u0105 r\u00f3wnie\u017c spos\u00f3b na podkre\u015blenie estetyki budynku, wykorzystuj\u0105c 150 rodzaj\u00f3w wysokogatunkowych tkanin akrylowych. S\u0105 one dodatkowo zabezpieczone impregnatem z\u00a0Teflonu, co gwarantuje wysok\u0105 trwa\u0142o\u015b\u0107 i\u00a0odporno\u015b\u0107 na dzia\u0142anie czynnik\u00f3w atmosferycznych. NIP 8722143457 G\u0142owaczowa 46W 39-217 G\u0142owaczowa woj. podkarpackie","og_url":"https:\/\/aluzadaszenia.pl\/?page_id=189","og_site_name":"Aluminiowe zadaszenia taras\u00f3w","article_modified_time":"2024-01-09T17:50:54+00:00","og_image":[{"url":"https:\/\/aluzadaszenia.pl\/wp-content\/uploads\/2023\/12\/markiza-selt-malta.jpg"}],"twitter_card":"summary_large_image","twitter_misc":{"Est. reading time":"1 minute"},"schema":{"@context":"https:\/\/schema.org","@graph":[{"@type":"WebPage","@id":"https:\/\/aluzadaszenia.pl\/?page_id=189","url":"https:\/\/aluzadaszenia.pl\/?page_id=189","name":"Markizy - Aluminiowe zadaszenia taras\u00f3w","isPartOf":{"@id":"https:\/\/aluzadaszenia.pl\/#website"},"datePublished":"2023-12-18T17:20:19+00:00","dateModified":"2024-01-09T17:50:54+00:00","breadcrumb":{"@id":"https:\/\/aluzadaszenia.pl\/?page_id=189#breadcrumb"},"inLanguage":"en-US","potentialAction":[{"@type":"ReadAction","target":["https:\/\/aluzadaszenia.pl\/?page_id=189"]}]},{"@type":"BreadcrumbList","@id":"https:\/\/aluzadaszenia.pl\/?page_id=189#breadcrumb","itemListElement":[{"@type":"ListItem","position":1,"name":"Home","item":"https:\/\/aluzadaszenia.pl\/"},{"@type":"ListItem","position":2,"name":"Markizy"}]},{"@type":"WebSite","@id":"https:\/\/aluzadaszenia.pl\/#website","url":"https:\/\/aluzadaszenia.pl\/","name":"Aluminiowe zadaszenia taras\u00f3w","description":"","publisher":{"@id":"https:\/\/aluzadaszenia.pl\/#organization"},"potentialAction":[{"@type":"SearchAction","target":{"@type":"EntryPoint","urlTemplate":"https:\/\/aluzadaszenia.pl\/?s={search_term_string}"},"query-input":"required name=search_term_string"}],"inLanguage":"en-US"},{"@type":"Organization","@id":"https:\/\/aluzadaszenia.pl\/#organization","name":"Aluminiowe zadaszenia taras\u00f3w","url":"https:\/\/aluzadaszenia.pl\/","logo":{"@type":"ImageObject","inLanguage":"en-US","@id":"https:\/\/aluzadaszenia.pl\/#\/schema\/logo\/image\/","url":"https:\/\/aluzadaszenia.pl\/wp-content\/uploads\/2023\/12\/cropped-customcolor_logo_transparent_background.png","contentUrl":"https:\/\/aluzadaszenia.pl\/wp-content\/uploads\/2023\/12\/cropped-customcolor_logo_transparent_background.png","width":3123,"height":1407,"caption":"Aluminiowe zadaszenia taras\u00f3w"},"image":{"@id":"https:\/\/aluzadaszenia.pl\/#\/schema\/logo\/image\/"}}]}},"jetpack_sharing_enabled":true,"uagb_featured_image_src":{"full":false,"thumbnail":false,"medium":false,"medium_large":false,"large":false,"1536x1536":false,"2048x2048":false,"neve-blog":false,"woocommerce_thumbnail":false,"woocommerce_single":false,"woocommerce_gallery_thumbnail":false},"uagb_author_info":{"display_name":"admin","author_link":"https:\/\/aluzadaszenia.pl\/?author=1"},"uagb_comment_info":0,"uagb_excerpt":"Markizy Markizy Selt s\u0105 cenione nie tylko jako doskona\u0142y spos\u00f3b na zacienienie balkonu, tarasu czy przydomowego ogrodu. Stanowi\u0105 r\u00f3wnie\u017c spos\u00f3b na podkre\u015blenie estetyki budynku, wykorzystuj\u0105c 150 rodzaj\u00f3w wysokogatunkowych tkanin akrylowych. S\u0105 one dodatkowo zabezpieczone impregnatem z\u00a0Teflonu, co gwarantuje wysok\u0105 trwa\u0142o\u015b\u0107 i\u00a0odporno\u015b\u0107 na dzia\u0142anie czynnik\u00f3w atmosferycznych. NIP 8722143457 G\u0142owaczowa 46W 39-217 G\u0142owaczowa woj. podkarpackie","_links":{"self":[{"href":"https:\/\/aluzadaszenia.pl\/index.php?rest_route=\/wp\/v2\/pages\/189","targetHints":{"allow":["GET"]}}],"collection":[{"href":"https:\/\/aluzadaszenia.pl\/index.php?rest_route=\/wp\/v2\/pages"}],"about":[{"href":"https:\/\/aluzadaszenia.pl\/index.php?rest_route=\/wp\/v2\/types\/page"}],"author":[{"embeddable":true,"href":"https:\/\/aluzadaszenia.pl\/index.php?rest_route=\/wp\/v2\/users\/1"}],"replies":[{"embeddable":true,"href":"https:\/\/aluzadaszenia.pl\/index.php?rest_route=%2Fwp%2Fv2%2Fcomments&post=189"}],"version-history":[{"count":8,"href":"https:\/\/aluzadaszenia.pl\/index.php?rest_route=\/wp\/v2\/pages\/189\/revisions"}],"predecessor-version":[{"id":302,"href":"https:\/\/aluzadaszenia.pl\/index.php?rest_route=\/wp\/v2\/pages\/189\/revisions\/302"}],"wp:attachment":[{"href":"https:\/\/aluzadaszenia.pl\/index.php?rest_route=%2Fwp%2Fv2%2Fmedia&parent=189"}],"curies":[{"name":"wp","href":"https:\/\/api.w.org\/{rel}","templated":true}]}}